{"id":637,"date":"2023-09-12T14:37:34","date_gmt":"2023-09-12T12:37:34","guid":{"rendered":"https:\/\/services.whitepod.com\/massage-et-sauna\/"},"modified":"2024-01-03T17:22:44","modified_gmt":"2024-01-03T16:22:44","slug":"massagen-und-sauna","status":"publish","type":"page","link":"https:\/\/services.whitepod.com\/de\/massagen-und-sauna\/","title":{"rendered":"Massagen und sauna"},"content":{"rendered":"\n<div class=\"wp-block-buttons is-layout-flex wp-block-buttons-is-layout-flex\">\n<div class=\"wp-block-button icon-back\"><a class=\"wp-block-button__link wp-element-button\" href=\"https:\/\/services.whitepod.com\/de\/\">Zur\u00fcck<\/a><\/div>\n<\/div>\n\n\n\n<div style=\"height:20px\" aria-hidden=\"true\" class=\"wp-block-spacer\"><\/div>\n\n\n\n<div style=\"height:50px\" aria-hidden=\"true\" class=\"wp-block-spacer\"><\/div>\n\n\n\n<div class=\"wp-block-columns is-layout-flex wp-container-core-columns-is-layout-9d6595d7 wp-block-columns-is-layout-flex\">\n<div class=\"wp-block-column is-layout-flow wp-block-column-is-layout-flow\">\n<div class=\"wp-block-cover is-light has-custom-content-position is-position-bottom-center\"><span aria-hidden=\"true\" class=\"wp-block-cover__background has-background-dim wp-block-cover__gradient-background has-background-gradient\" style=\"background:linear-gradient(0deg,rgb(0,0,0) 24%,rgba(0,0,0,0) 51%)\"><\/span><img loading=\"lazy\" decoding=\"async\" width=\"1500\" height=\"1000\" class=\"wp-block-cover__image-background wp-image-304\" alt=\"\" src=\"https:\/\/services.whitepod.com\/wp-content\/uploads\/2023\/09\/espace-bien-etre.png\" data-object-fit=\"cover\" srcset=\"https:\/\/services.whitepod.com\/wp-content\/uploads\/2023\/09\/espace-bien-etre.png 1500w, https:\/\/services.whitepod.com\/wp-content\/uploads\/2023\/09\/espace-bien-etre-300x200.png 300w, https:\/\/services.whitepod.com\/wp-content\/uploads\/2023\/09\/espace-bien-etre-1024x683.png 1024w, https:\/\/services.whitepod.com\/wp-content\/uploads\/2023\/09\/espace-bien-etre-768x512.png 768w\" sizes=\"auto, (max-width: 1500px) 100vw, 1500px\" \/><div class=\"wp-block-cover__inner-container is-layout-constrained wp-block-cover-is-layout-constrained\">\n<h2 class=\"wp-block-heading has-text-align-center has-white-color has-text-color\">Unser Wellness-Bereich<\/h2>\n\n\n\n<div style=\"height:20px\" aria-hidden=\"true\" class=\"wp-block-spacer\"><\/div>\n<\/div><\/div>\n\n\n\n<div class=\"wp-block-group has-white-background-color has-background is-layout-constrained wp-block-group-is-layout-constrained\">\n<div style=\"height:20px\" aria-hidden=\"true\" class=\"wp-block-spacer\"><\/div>\n\n\n\n<p class=\"has-text-align-center\">Tauchen Sie ein in einen Luxusort mitten in der Natur, wo Sie die Privatsph\u00e4re unseres exklusiven Wellnessbereichs genie\u00dfen k\u00f6nnen.<br>Sie haben Zugang zu einem Wellnesserlebnis, das Ihnen totale Entspannung und einen Panoramablick auf unsere herrlichen Berge bietet.<br>Z\u00f6gern Sie nicht, eine Einzel- oder Duo-Kabinenmassage zu buchen, um ein tief beruhigendes und friedvolles Erlebnis zu genie\u00dfen.<\/p>\n\n\n\n<div style=\"height:20px\" aria-hidden=\"true\" class=\"wp-block-spacer\"><\/div>\n<\/div>\n\n\n\n<div style=\"height:30px\" aria-hidden=\"true\" class=\"wp-block-spacer\"><\/div>\n\n\n\n<div class=\"wp-block-columns is-layout-flex wp-container-core-columns-is-layout-9d6595d7 wp-block-columns-is-layout-flex\">\n<div class=\"wp-block-column is-style-medium-padding is-layout-flow wp-block-column-is-layout-flow\">\n<div class=\"wp-block-group is-style-full-height is-style-shadow has-white-background-color has-background ek-linked-block is-layout-constrained wp-block-group-is-layout-constrained\">\n<div style=\"height:60px\" aria-hidden=\"true\" class=\"wp-block-spacer\"><\/div>\n\n\n\n<figure class=\"wp-block-image aligncenter size-large is-resized\"><img loading=\"lazy\" decoding=\"async\" width=\"130\" height=\"130\" src=\"https:\/\/services.whitepod.com\/wp-content\/uploads\/2023\/09\/noun-massage-primary.svg\" alt=\"\" class=\"wp-image-343\" style=\"width:60px;height:undefinedpx\"\/><\/figure>\n\n\n\n<h3 class=\"wp-block-heading has-text-align-center is-style-no-margin\">Nehmen Sie sich Zeit f\u00fcr Massagen und hochwertige Behandlungen<\/h3>\n\n\n\n<div style=\"height:60px\" aria-hidden=\"true\" class=\"wp-block-spacer\"><\/div>\n<a href=\"https:\/\/services.whitepod.com\/massage-et-sauna\/massages\/\" class=\"editorskit-block-link\" rel=\"\"><\/a><\/div>\n<\/div>\n\n\n\n<div class=\"wp-block-column is-style-medium-padding is-layout-flow wp-block-column-is-layout-flow\">\n<div class=\"wp-block-group is-style-full-height is-style-shadow has-white-background-color has-background ek-linked-block is-layout-constrained wp-block-group-is-layout-constrained\">\n<div style=\"height:60px\" aria-hidden=\"true\" class=\"wp-block-spacer\"><\/div>\n\n\n\n<figure class=\"wp-block-image aligncenter size-large is-resized\"><img loading=\"lazy\" decoding=\"async\" width=\"60\" height=\"60\" src=\"https:\/\/services.whitepod.com\/wp-content\/uploads\/2023\/09\/noun-sauna-primary.svg\" alt=\"\" class=\"wp-image-354\" style=\"width:60px;height:undefinedpx\"\/><\/figure>\n\n\n\n<h3 class=\"wp-block-heading has-text-align-center is-style-no-margin\">Sauna und nordisches Bad<\/h3>\n\n\n\n<div style=\"height:60px\" aria-hidden=\"true\" class=\"wp-block-spacer\"><\/div>\n<a href=\"https:\/\/services.whitepod.com\/massage-et-sauna\/sauna\/\" class=\"editorskit-block-link\" rel=\"\"><\/a><\/div>\n<\/div>\n<\/div>\n<\/div>\n<\/div>\n\n\n\n<div style=\"height:50px\" aria-hidden=\"true\" class=\"wp-block-spacer\"><\/div>\n","protected":false},"excerpt":{"rendered":"<p>Tauchen Sie ein in einen Luxusort mitten in der Natur, wo Sie die Privatsph\u00e4re unseres exklusiven Wellnessbereichs genie\u00dfen k\u00f6nnen.Sie haben [&hellip;]<\/p>\n","protected":false},"author":3,"featured_media":0,"parent":0,"menu_order":0,"comment_status":"closed","ping_status":"closed","template":"","meta":{"_acf_changed":false,"_editorskit_title_hidden":false,"_editorskit_reading_time":0,"_editorskit_is_block_options_detached":false,"_editorskit_block_options_position":"{}","footnotes":""},"class_list":["post-637","page","type-page","status-publish","hentry"],"acf":[],"_links":{"self":[{"href":"https:\/\/services.whitepod.com\/de\/wp-json\/wp\/v2\/pages\/637","targetHints":{"allow":["GET"]}}],"collection":[{"href":"https:\/\/services.whitepod.com\/de\/wp-json\/wp\/v2\/pages"}],"about":[{"href":"https:\/\/services.whitepod.com\/de\/wp-json\/wp\/v2\/types\/page"}],"author":[{"embeddable":true,"href":"https:\/\/services.whitepod.com\/de\/wp-json\/wp\/v2\/users\/3"}],"replies":[{"embeddable":true,"href":"https:\/\/services.whitepod.com\/de\/wp-json\/wp\/v2\/comments?post=637"}],"version-history":[{"count":3,"href":"https:\/\/services.whitepod.com\/de\/wp-json\/wp\/v2\/pages\/637\/revisions"}],"predecessor-version":[{"id":971,"href":"https:\/\/services.whitepod.com\/de\/wp-json\/wp\/v2\/pages\/637\/revisions\/971"}],"wp:attachment":[{"href":"https:\/\/services.whitepod.com\/de\/wp-json\/wp\/v2\/media?parent=637"}],"curies":[{"name":"wp","href":"https:\/\/api.w.org\/{rel}","templated":true}]}}