{"id":643,"date":"2023-09-12T17:40:19","date_gmt":"2023-09-12T15:40:19","guid":{"rendered":"https:\/\/services.whitepod.com\/massagen-und-sauna\/sauna\/"},"modified":"2026-01-19T11:27:47","modified_gmt":"2026-01-19T10:27:47","slug":"sauna","status":"publish","type":"page","link":"https:\/\/services.whitepod.com\/de\/massagen-und-sauna\/sauna\/","title":{"rendered":"Sauna und nordisches Bad"},"content":{"rendered":"\n<div class=\"wp-block-buttons is-layout-flex wp-block-buttons-is-layout-flex\">\n<div class=\"wp-block-button icon-back\"><a class=\"wp-block-button__link wp-element-button\" href=\"https:\/\/services.whitepod.com\/de\/massagen-und-sauna\/\">Zur\u00fcck<\/a><\/div>\n<\/div>\n\n\n\n<div style=\"height:20px\" aria-hidden=\"true\" class=\"wp-block-spacer\"><\/div>\n\n\n\n<div class=\"wp-block-group has-white-background-color has-background is-layout-constrained wp-block-group-is-layout-constrained\">\n<div style=\"height:30px\" aria-hidden=\"true\" class=\"wp-block-spacer\"><\/div>\n\n\n\n<div class=\"wp-block-columns are-vertically-aligned-top is-style-no-margin is-layout-flex wp-container-core-columns-is-layout-9d6595d7 wp-block-columns-is-layout-flex\">\n<div class=\"wp-block-column is-vertically-aligned-top is-layout-flow wp-block-column-is-layout-flow\">\n<h2 class=\"wp-block-heading\">Spa<\/h2>\n\n\n<div id=\"gutenslider-1rxu0u6nh\" class=\"wp-block-eedee-block-gutenslider gs-frontend content-change alignnone arrow-style-1 arrow-position-sides arrow-mb-none arrows-lg arrows-md arrows-sm dot-style-1 dots-lg dots-md dots-sm dot-position-bottom is-position-center-center mb-none wrap-auto-height\" data-parallax-direction=\"down\" data-parallax-amount=\"1.3\" data-lg-transition=\"lg-slide\" data-hash=\"\" ><div class=\"eedee-swiper-outer\" style=\"--gutenslider-min-height: 41vh;--gutenslider-arrow-size: 30px;--gutenslider-dot-size: 25px;--gutenslider-arrow-color: #ffffff;--gutenslider-dot-color: #ffffff;--gutenslider-padding-y-mobile: 40px;--gutenslider-padding-x-mobile: 40px;--gutenslider-padding-y-tablet: 40px;--gutenslider-padding-x-tablet: 40px;--gutenslider-padding-y-desktop: 40px;--gutenslider-padding-x-desktop: 40px;--gutenslider-bg-image: url();--gutenslider-min-height-md: 50vh;--gutenslider-min-height-sm: 50vh;--gutenslider-padding-x: 40px;--gutenslider-padding-x-md: 40px;--gutenslider-padding-x-sm: 20px;--gutenslider-padding-y: 40px;--gutenslider-padding-y-md: 40px;--gutenslider-padding-y-sm: 20px;--gutenslider-arrow-size-md: 30px;--gutenslider-arrow-size-sm: 30px;--gutenslider-dot-size-md: 25px;--gutenslider-dot-size-sm: 25px;--gutenslider-arrow-bg-color: transparent;--gutenslider-arrow-hover-color: #eeeeee;--gutenslider-arrow-bg-hover-color: transparent;--gutenslider-arrow-x-offset: 10px;--gutenslider-arrow-x-offset-md: 10px;--gutenslider-arrow-x-offset-sm: 10px;--gutenslider-arrow-y-offset: 0px;--gutenslider-arrow-y-offset-md: 0px;--gutenslider-arrow-y-offset-sm: 0px;--gutenslider-arrow-x-spacing: 0px;--gutenslider-dot-y-offset: 10px;--gutenslider-dot-y-offset-md: 10px;--gutenslider-dot-y-offset-sm: 10px;--gutenslider-margin-x: 0px;--gutenslider-margin-x-md: 0px;--gutenslider-margin-x-sm: 0px;--gutenslider-margin-y: 0px;--gutenslider-margin-y-md: 0px;--gutenslider-margin-y-sm: 0px;--gutenslider-divider-top: 60px;--gutenslider-divider-bottom: 60px;--gutenslider-lightgallery-bg: #ffffff;--gutenslider-lightgallery-font: #000000;--gs-first-pos: 50% 50%;--gs-gap-vertical: var( --wp--style--gallery-gap-default, var( --gallery-block--gutter-size, var( --wp--style--block-gap, 0.5em ) ) );--gs-gap-horizontal: var( --wp--style--gallery-gap-default, var( --gallery-block--gutter-size, var( --wp--style--block-gap, 0.5em ) ) );\"><div class=\"gutenslider-divider-top\" style=\"color:#fff;\"><\/div><div class=\"swiper\" data-settings='{\"autoplay\":{\"delay\":3000,\"pauseOnMouseEnter\":true,\"disableOnInteraction\":false},\"speed\":700,\"direction\":\"horizontal\",\"autoHeight\":\"\",\"loop\":true,\"centeredSlides\":true,\"spaceBetween\":0,\"slidesPerView\":1,\"slidesPerGroup\":1,\"effect\":\"slide\",\"coverflowEffect\":{\"rotate\":30,\"slideShadows\":false,\"depth\":100,\"stretch\":50,\"modifier\":1},\"fadeEffect\":{\"crossFade\":true},\"zoom\":\"\",\"navigation\":{\"nextEl\":\"#gutenslider-1rxu0u6nh .eedee-gutenslider-next\",\"prevEl\":\"#gutenslider-1rxu0u6nh .eedee-gutenslider-prev\"},\"pagination\":{\"type\":\"bullets\",\"clickable\":true,\"dynamicBullets\":false,\"el\":\"#gutenslider-1rxu0u6nh .eedee-gutenslider-pagination\"},\"pauseOnHover\":\"1\",\"watchSlidesProgress\":true,\"watchSlidesVisibility\":true,\"settingsMd\":{\"autoHeight\":\"\",\"slidesPerView\":1,\"slidesPerGroup\":1,\"spaceBetween\":0,\"loop\":true},\"settingsLg\":{\"autoHeight\":\"\",\"slidesPerView\":1,\"slidesPerGroup\":1,\"spaceBetween\":0,\"loop\":true},\"hasLg\":false,\"hasLgCounter\":true,\"isFullScreen\":false,\"arrowsFollowMouse\":false,\"lgTitle\":\"none\",\"lgCaption\":\"none\",\"lgThumbnails\":true,\"lgZoomEnabled\":false,\"keyboard\":{\"keyboard\":{\"enabled\":true,\"onlyInViewport\":true}},\"hashNavigation\":false,\"dividers\":false}'><div class=\"swiper-wrapper\">\n<div class=\"swiper-slide wp-block-eedee-block-gutenslide is-position-center-center ed-bg-image\" style=\"--ed-vw:210;--ed-vh:300;\" data-hash=\"\"><div class=\"eedee-background-div bg-image\"><img loading=\"lazy\" width=\"717\" height=\"1024\" class=\"wp-image-854\" src=\"https:\/\/services.whitepod.com\/wp-content\/uploads\/2023\/12\/DSC07083edit-717x1024.jpg\" alt=\"\" decoding=\"async\" style=\"object-fit: cover; object-position: 50% 50%;\"  data-title=\"DSC07083edit\" srcset=\"https:\/\/services.whitepod.com\/wp-content\/uploads\/2023\/12\/DSC07083edit-717x1024.jpg 717w, https:\/\/services.whitepod.com\/wp-content\/uploads\/2023\/12\/DSC07083edit-210x300.jpg 210w, https:\/\/services.whitepod.com\/wp-content\/uploads\/2023\/12\/DSC07083edit-768x1097.jpg 768w, https:\/\/services.whitepod.com\/wp-content\/uploads\/2023\/12\/DSC07083edit-1600x2286.jpg 1600w, https:\/\/services.whitepod.com\/wp-content\/uploads\/2023\/12\/DSC07083edit-1075x1536.jpg 1075w, https:\/\/services.whitepod.com\/wp-content\/uploads\/2023\/12\/DSC07083edit-1433x2048.jpg 1433w, https:\/\/services.whitepod.com\/wp-content\/uploads\/2023\/12\/DSC07083edit-1920x2743.jpg 1920w, https:\/\/services.whitepod.com\/wp-content\/uploads\/2023\/12\/DSC07083edit-scaled.jpg 1792w\" sizes=\"auto, (max-width: 717px) 100vw, 717px\" \/><div class=\"eedee-background-div__overlay\" style=\"opacity:1;\"><\/div><\/div><div class=\"slide-content\">\n\n<p class=\"has-text-align-center gutenslider-content-initial has-larger-font-size\"><\/p>\n\n<\/div><\/div>\n\n<div class=\"swiper-slide wp-block-eedee-block-gutenslide is-position-center-center ed-bg-image\" style=\"--ed-vw:300;--ed-vh:200;\" data-hash=\"\"><div class=\"eedee-background-div bg-image\"><img loading=\"lazy\" width=\"1024\" height=\"683\" class=\"wp-image-857\" src=\"https:\/\/services.whitepod.com\/wp-content\/uploads\/2023\/12\/whitepod__B008_276-1024x683.jpg\" alt=\"\" decoding=\"async\" style=\"object-fit: cover; object-position: 50% 50%;\"  data-title=\"whitepod__B008_276\" srcset=\"https:\/\/services.whitepod.com\/wp-content\/uploads\/2023\/12\/whitepod__B008_276-1024x683.jpg 1024w, https:\/\/services.whitepod.com\/wp-content\/uploads\/2023\/12\/whitepod__B008_276-300x200.jpg 300w, https:\/\/services.whitepod.com\/wp-content\/uploads\/2023\/12\/whitepod__B008_276-768x512.jpg 768w, https:\/\/services.whitepod.com\/wp-content\/uploads\/2023\/12\/whitepod__B008_276.jpg 1500w\" sizes=\"auto, (max-width: 1024px) 100vw, 1024px\" \/><div class=\"eedee-background-div__overlay\" style=\"opacity:1;\"><\/div><\/div><div class=\"slide-content\">\n\n<p class=\"has-text-align-center gutenslider-content-initial has-larger-font-size\"><\/p>\n\n<\/div><\/div>\n\n<div class=\"swiper-slide wp-block-eedee-block-gutenslide is-position-center-center ed-bg-image\" style=\"--ed-vw:300;--ed-vh:200;\" data-hash=\"\"><div class=\"eedee-background-div bg-image\"><img loading=\"lazy\" width=\"1024\" height=\"683\" class=\"wp-image-860\" src=\"https:\/\/services.whitepod.com\/wp-content\/uploads\/2023\/12\/DSC07124edit-1024x683.jpg\" alt=\"\" decoding=\"async\" style=\"object-fit: cover; object-position: 50% 50%;\"  data-title=\"DSC07124edit\" srcset=\"https:\/\/services.whitepod.com\/wp-content\/uploads\/2023\/12\/DSC07124edit-1024x683.jpg 1024w, https:\/\/services.whitepod.com\/wp-content\/uploads\/2023\/12\/DSC07124edit-300x200.jpg 300w, https:\/\/services.whitepod.com\/wp-content\/uploads\/2023\/12\/DSC07124edit-768x512.jpg 768w, https:\/\/services.whitepod.com\/wp-content\/uploads\/2023\/12\/DSC07124edit-1600x1067.jpg 1600w, https:\/\/services.whitepod.com\/wp-content\/uploads\/2023\/12\/DSC07124edit-1536x1024.jpg 1536w, https:\/\/services.whitepod.com\/wp-content\/uploads\/2023\/12\/DSC07124edit-2048x1365.jpg 2048w, https:\/\/services.whitepod.com\/wp-content\/uploads\/2023\/12\/DSC07124edit-1920x1280.jpg 1920w\" sizes=\"auto, (max-width: 1024px) 100vw, 1024px\" \/><div class=\"eedee-background-div__overlay\" style=\"opacity:1;\"><\/div><\/div><div class=\"slide-content\">\n\n<p class=\"has-text-align-center gutenslider-content-initial has-larger-font-size\"><\/p>\n\n<\/div><\/div>\n<\/div><\/div><button class=\"eedee-gutenslider-nav eedee-gutenslider-prev\"><svg xmlns=\"http:\/\/www.w3.org\/2000\/svg\" viewBox=\"0 0 24 24\" width=\"24\" height=\"24\"><circle class=\"bg\" cx=\"13\" cy=\"12\" r=\"11\" \/><path fill=\"none\" d=\"M0 0h24v24H0z\"\/><path class=\"arrow\" d=\"M10.828 12l4.95 4.95-1.414 1.414L8 12l6.364-6.364 1.414 1.414z\"\/><\/svg><\/button><button class=\"eedee-gutenslider-nav eedee-gutenslider-next\"><svg xmlns=\"http:\/\/www.w3.org\/2000\/svg\" viewBox=\"0 0 24 24\" width=\"24\" height=\"24\"><circle class=\"bg\" cx=\"11\" cy=\"12\" r=\"11\" \/><path fill=\"none\" d=\"M0 0h24v24H0z\"\/><path class=\"arrow\" d=\"M13.172 12l-4.95-4.95 1.414-1.414L16 12l-6.364 6.364-1.414-1.414z\"\/><\/svg><\/button><div class=\"eedee-gutenslider-pagination\"><\/div><div class=\"gutenslider-divider-bottom \" style=\"color:#fff;\"><\/div><\/div><\/div>\n\n\n<div style=\"height:32px\" aria-hidden=\"true\" class=\"wp-block-spacer\"><\/div>\n\n\n\n<p>Die gemischte Sauna und das skandinavische Bad befinden sich direkt au\u00dferhalb des Tsijiri.<\/p>\n\n\n\n<p>Sie stehen allen von 9:00 bis 19:00 Uhr zur Verf\u00fcgung.<\/p>\n\n\n\n<p>Umkleidekabinen, Schlie\u00dff\u00e4cher f\u00fcr Ihre Sachen, eine Dusche und Liegest\u00fchle stehen Ihnen im unteren Erdgeschoss des Tsijiri zur Verf\u00fcgung.<\/p>\n<\/div>\n\n\n\n<div class=\"wp-block-column is-vertically-aligned-top is-layout-flow wp-block-column-is-layout-flow\">\n<h2 class=\"wp-block-heading\">Social Cabin<\/h2>\n\n\n<div id=\"gutenslider-d0ej5xa9e\" class=\"wp-block-eedee-block-gutenslider gs-frontend content-change alignnone arrow-style-1 arrow-position-sides arrow-mb-none arrows-lg arrows-md arrows-sm dot-style-1 dots-lg dots-md dots-sm dot-position-bottom is-position-center-center mb-none wrap-auto-height\" data-parallax-direction=\"down\" data-parallax-amount=\"1.3\" data-lg-transition=\"lg-slide\" data-hash=\"\" ><div class=\"eedee-swiper-outer\" style=\"--gutenslider-min-height: 41vh;--gutenslider-arrow-size: 30px;--gutenslider-dot-size: 25px;--gutenslider-arrow-color: #ffffff;--gutenslider-dot-color: #ffffff;--gutenslider-padding-y-mobile: 40px;--gutenslider-padding-x-mobile: 40px;--gutenslider-padding-y-tablet: 40px;--gutenslider-padding-x-tablet: 40px;--gutenslider-padding-y-desktop: 40px;--gutenslider-padding-x-desktop: 40px;--gutenslider-bg-image: url();--gutenslider-min-height-md: 50vh;--gutenslider-min-height-sm: 50vh;--gutenslider-padding-x: 40px;--gutenslider-padding-x-md: 40px;--gutenslider-padding-x-sm: 20px;--gutenslider-padding-y: 40px;--gutenslider-padding-y-md: 40px;--gutenslider-padding-y-sm: 20px;--gutenslider-arrow-size-md: 30px;--gutenslider-arrow-size-sm: 30px;--gutenslider-dot-size-md: 25px;--gutenslider-dot-size-sm: 25px;--gutenslider-arrow-bg-color: transparent;--gutenslider-arrow-hover-color: #eeeeee;--gutenslider-arrow-bg-hover-color: transparent;--gutenslider-arrow-x-offset: 10px;--gutenslider-arrow-x-offset-md: 10px;--gutenslider-arrow-x-offset-sm: 10px;--gutenslider-arrow-y-offset: 0px;--gutenslider-arrow-y-offset-md: 0px;--gutenslider-arrow-y-offset-sm: 0px;--gutenslider-arrow-x-spacing: 0px;--gutenslider-dot-y-offset: 10px;--gutenslider-dot-y-offset-md: 10px;--gutenslider-dot-y-offset-sm: 10px;--gutenslider-margin-x: 0px;--gutenslider-margin-x-md: 0px;--gutenslider-margin-x-sm: 0px;--gutenslider-margin-y: 0px;--gutenslider-margin-y-md: 0px;--gutenslider-margin-y-sm: 0px;--gutenslider-divider-top: 60px;--gutenslider-divider-bottom: 60px;--gutenslider-lightgallery-bg: #ffffff;--gutenslider-lightgallery-font: #000000;--gs-first-pos: 50% 50%;--gs-gap-vertical: var( --wp--style--gallery-gap-default, var( --gallery-block--gutter-size, var( --wp--style--block-gap, 0.5em ) ) );--gs-gap-horizontal: var( --wp--style--gallery-gap-default, var( --gallery-block--gutter-size, var( --wp--style--block-gap, 0.5em ) ) );\"><div class=\"gutenslider-divider-top\" style=\"color:#fff;\"><\/div><div class=\"swiper\" data-settings='{\"autoplay\":{\"delay\":3000,\"pauseOnMouseEnter\":true,\"disableOnInteraction\":false},\"speed\":700,\"direction\":\"horizontal\",\"autoHeight\":\"\",\"loop\":true,\"centeredSlides\":true,\"spaceBetween\":0,\"slidesPerView\":1,\"slidesPerGroup\":1,\"effect\":\"slide\",\"coverflowEffect\":{\"rotate\":30,\"slideShadows\":false,\"depth\":100,\"stretch\":50,\"modifier\":1},\"fadeEffect\":{\"crossFade\":true},\"zoom\":\"\",\"navigation\":{\"nextEl\":\"#gutenslider-d0ej5xa9e .eedee-gutenslider-next\",\"prevEl\":\"#gutenslider-d0ej5xa9e .eedee-gutenslider-prev\"},\"pagination\":{\"type\":\"bullets\",\"clickable\":true,\"dynamicBullets\":false,\"el\":\"#gutenslider-d0ej5xa9e .eedee-gutenslider-pagination\"},\"pauseOnHover\":\"1\",\"watchSlidesProgress\":true,\"watchSlidesVisibility\":true,\"settingsMd\":{\"autoHeight\":\"\",\"slidesPerView\":1,\"slidesPerGroup\":1,\"spaceBetween\":0,\"loop\":true},\"settingsLg\":{\"autoHeight\":\"\",\"slidesPerView\":1,\"slidesPerGroup\":1,\"spaceBetween\":0,\"loop\":true},\"hasLg\":false,\"hasLgCounter\":true,\"isFullScreen\":false,\"arrowsFollowMouse\":false,\"lgTitle\":\"none\",\"lgCaption\":\"none\",\"lgThumbnails\":true,\"lgZoomEnabled\":false,\"keyboard\":{\"keyboard\":{\"enabled\":true,\"onlyInViewport\":true}},\"hashNavigation\":false,\"dividers\":false}'><div class=\"swiper-wrapper\">\n<div class=\"swiper-slide wp-block-eedee-block-gutenslide is-position-center-center ed-bg-image\" style=\"--ed-vw:225;--ed-vh:300;\" data-hash=\"\"><div class=\"eedee-background-div bg-image\"><img loading=\"lazy\" width=\"768\" height=\"1024\" class=\"wp-image-897\" src=\"https:\/\/services.whitepod.com\/wp-content\/uploads\/2023\/12\/SAUNA_4639_F-768x1024.jpg\" alt=\"\" decoding=\"async\" style=\"object-fit: cover; object-position: 50% 50%;\"  data-title=\"SAUNA_4639_F\" srcset=\"https:\/\/services.whitepod.com\/wp-content\/uploads\/2023\/12\/SAUNA_4639_F-768x1024.jpg 768w, https:\/\/services.whitepod.com\/wp-content\/uploads\/2023\/12\/SAUNA_4639_F-225x300.jpg 225w, https:\/\/services.whitepod.com\/wp-content\/uploads\/2023\/12\/SAUNA_4639_F-50x67.jpg 50w, https:\/\/services.whitepod.com\/wp-content\/uploads\/2023\/12\/SAUNA_4639_F-1600x2133.jpg 1600w, https:\/\/services.whitepod.com\/wp-content\/uploads\/2023\/12\/SAUNA_4639_F-1152x1536.jpg 1152w, https:\/\/services.whitepod.com\/wp-content\/uploads\/2023\/12\/SAUNA_4639_F-1536x2048.jpg 1536w, https:\/\/services.whitepod.com\/wp-content\/uploads\/2023\/12\/SAUNA_4639_F-scaled.jpg 1920w\" sizes=\"auto, (max-width: 768px) 100vw, 768px\" \/><div class=\"eedee-background-div__overlay\" style=\"opacity:1;\"><\/div><\/div><div class=\"slide-content\">\n\n<p class=\"has-text-align-center gutenslider-content-initial has-larger-font-size\"><\/p>\n\n<\/div><\/div>\n\n<div class=\"swiper-slide wp-block-eedee-block-gutenslide is-position-center-center ed-bg-image\" style=\"--ed-vw:300;--ed-vh:225;\" data-hash=\"\"><div class=\"eedee-background-div bg-image\"><img loading=\"lazy\" width=\"1024\" height=\"768\" class=\"wp-image-925\" src=\"https:\/\/services.whitepod.com\/wp-content\/uploads\/2023\/12\/FIGHT-CLUB_3848-1024x768.jpg\" alt=\"\" decoding=\"async\" style=\"object-fit: cover; object-position: 50% 50%;\"  data-title=\"FIGHT CLUB_3848\" srcset=\"https:\/\/services.whitepod.com\/wp-content\/uploads\/2023\/12\/FIGHT-CLUB_3848-1024x768.jpg 1024w, https:\/\/services.whitepod.com\/wp-content\/uploads\/2023\/12\/FIGHT-CLUB_3848-300x225.jpg 300w, https:\/\/services.whitepod.com\/wp-content\/uploads\/2023\/12\/FIGHT-CLUB_3848-768x576.jpg 768w, https:\/\/services.whitepod.com\/wp-content\/uploads\/2023\/12\/FIGHT-CLUB_3848-50x38.jpg 50w, https:\/\/services.whitepod.com\/wp-content\/uploads\/2023\/12\/FIGHT-CLUB_3848-1600x1200.jpg 1600w, https:\/\/services.whitepod.com\/wp-content\/uploads\/2023\/12\/FIGHT-CLUB_3848-1536x1152.jpg 1536w, https:\/\/services.whitepod.com\/wp-content\/uploads\/2023\/12\/FIGHT-CLUB_3848-2048x1536.jpg 2048w, https:\/\/services.whitepod.com\/wp-content\/uploads\/2023\/12\/FIGHT-CLUB_3848-1920x1440.jpg 1920w\" sizes=\"auto, (max-width: 1024px) 100vw, 1024px\" \/><div class=\"eedee-background-div__overlay\" style=\"opacity:1;\"><\/div><\/div><div class=\"slide-content\">\n\n<p class=\"has-text-align-center gutenslider-content-initial has-larger-font-size\"><\/p>\n\n<\/div><\/div>\n\n<div class=\"swiper-slide wp-block-eedee-block-gutenslide is-position-center-center ed-bg-image\" style=\"--ed-vw:300;--ed-vh:225;\" data-hash=\"\"><div class=\"eedee-background-div bg-image\"><img loading=\"lazy\" width=\"1024\" height=\"768\" class=\"wp-image-928\" src=\"https:\/\/services.whitepod.com\/wp-content\/uploads\/2023\/12\/RUN-ROOM_3823_C-1024x768.jpg\" alt=\"\" decoding=\"async\" style=\"object-fit: cover; object-position: 50% 50%;\"  data-title=\"RUN ROOM_3823_C\" srcset=\"https:\/\/services.whitepod.com\/wp-content\/uploads\/2023\/12\/RUN-ROOM_3823_C-1024x768.jpg 1024w, https:\/\/services.whitepod.com\/wp-content\/uploads\/2023\/12\/RUN-ROOM_3823_C-300x225.jpg 300w, https:\/\/services.whitepod.com\/wp-content\/uploads\/2023\/12\/RUN-ROOM_3823_C-768x576.jpg 768w, https:\/\/services.whitepod.com\/wp-content\/uploads\/2023\/12\/RUN-ROOM_3823_C-50x37.jpg 50w, https:\/\/services.whitepod.com\/wp-content\/uploads\/2023\/12\/RUN-ROOM_3823_C-1600x1200.jpg 1600w, https:\/\/services.whitepod.com\/wp-content\/uploads\/2023\/12\/RUN-ROOM_3823_C-1536x1152.jpg 1536w, https:\/\/services.whitepod.com\/wp-content\/uploads\/2023\/12\/RUN-ROOM_3823_C-2048x1536.jpg 2048w, https:\/\/services.whitepod.com\/wp-content\/uploads\/2023\/12\/RUN-ROOM_3823_C-1920x1440.jpg 1920w\" sizes=\"auto, (max-width: 1024px) 100vw, 1024px\" \/><div class=\"eedee-background-div__overlay\" style=\"opacity:1;\"><\/div><\/div><div class=\"slide-content\">\n\n<p class=\"has-text-align-center gutenslider-content-initial has-larger-font-size\"><\/p>\n\n<\/div><\/div>\n\n<div class=\"swiper-slide wp-block-eedee-block-gutenslide is-position-center-center ed-bg-image\" style=\"--ed-vw:300;--ed-vh:225;\" data-hash=\"\"><div class=\"eedee-background-div bg-image\"><img loading=\"lazy\" width=\"1024\" height=\"768\" class=\"wp-image-931\" src=\"https:\/\/services.whitepod.com\/wp-content\/uploads\/2023\/12\/YOGA_3866_C-1024x768.jpg\" alt=\"\" decoding=\"async\" style=\"object-fit: cover; object-position: 50% 50%;\"  data-title=\"YOGA_3866_C\" srcset=\"https:\/\/services.whitepod.com\/wp-content\/uploads\/2023\/12\/YOGA_3866_C-1024x768.jpg 1024w, https:\/\/services.whitepod.com\/wp-content\/uploads\/2023\/12\/YOGA_3866_C-300x225.jpg 300w, https:\/\/services.whitepod.com\/wp-content\/uploads\/2023\/12\/YOGA_3866_C-768x576.jpg 768w, https:\/\/services.whitepod.com\/wp-content\/uploads\/2023\/12\/YOGA_3866_C-50x37.jpg 50w, https:\/\/services.whitepod.com\/wp-content\/uploads\/2023\/12\/YOGA_3866_C-1600x1200.jpg 1600w, https:\/\/services.whitepod.com\/wp-content\/uploads\/2023\/12\/YOGA_3866_C-1536x1152.jpg 1536w, https:\/\/services.whitepod.com\/wp-content\/uploads\/2023\/12\/YOGA_3866_C-2048x1536.jpg 2048w, https:\/\/services.whitepod.com\/wp-content\/uploads\/2023\/12\/YOGA_3866_C-1920x1440.jpg 1920w\" sizes=\"auto, (max-width: 1024px) 100vw, 1024px\" \/><div class=\"eedee-background-div__overlay\" style=\"opacity:1;\"><\/div><\/div><div class=\"slide-content\">\n\n<p class=\"has-text-align-center gutenslider-content-initial has-larger-font-size\"><\/p>\n\n<\/div><\/div>\n<\/div><\/div><button class=\"eedee-gutenslider-nav eedee-gutenslider-prev\"><svg xmlns=\"http:\/\/www.w3.org\/2000\/svg\" viewBox=\"0 0 24 24\" width=\"24\" height=\"24\"><circle class=\"bg\" cx=\"13\" cy=\"12\" r=\"11\" \/><path fill=\"none\" d=\"M0 0h24v24H0z\"\/><path class=\"arrow\" d=\"M10.828 12l4.95 4.95-1.414 1.414L8 12l6.364-6.364 1.414 1.414z\"\/><\/svg><\/button><button class=\"eedee-gutenslider-nav eedee-gutenslider-next\"><svg xmlns=\"http:\/\/www.w3.org\/2000\/svg\" viewBox=\"0 0 24 24\" width=\"24\" height=\"24\"><circle class=\"bg\" cx=\"11\" cy=\"12\" r=\"11\" \/><path fill=\"none\" d=\"M0 0h24v24H0z\"\/><path class=\"arrow\" d=\"M13.172 12l-4.95-4.95 1.414-1.414L16 12l-6.364 6.364-1.414-1.414z\"\/><\/svg><\/button><div class=\"eedee-gutenslider-pagination\"><\/div><div class=\"gutenslider-divider-bottom \" style=\"color:#fff;\"><\/div><\/div><\/div>\n\n\n<div style=\"height:32px\" aria-hidden=\"true\" class=\"wp-block-spacer\"><\/div>\n\n\n\n<p>Eine Sauna mit Panoramablick befindet sich in der Social Cabin.<\/p>\n\n\n\n<p>Sie steht allen von 9:00 bis 22:00 Uhr zur Verf\u00fcgung.<\/p>\n\n\n\n<p>Unsere Social Cabin verf\u00fcgt au\u00dferdem \u00fcber einen Eisraum und drei immersive Fitnessr\u00e4ume: den Run Room, den Fight Room und den Yoga Room.<\/p>\n<\/div>\n<\/div>\n\n\n\n<div style=\"height:30px\" aria-hidden=\"true\" class=\"wp-block-spacer\"><\/div>\n\n\n\n<p class=\"has-text-align-center\"><strong>Das Spa und die Social Cabin sind durch einen 12-min\u00fctigen Spaziergang durch eine zauberhafte Landschaft miteinander verbunden.<\/strong><\/p>\n\n\n\n<div style=\"height:30px\" aria-hidden=\"true\" class=\"wp-block-spacer\"><\/div>\n\n\n\n<figure class=\"wp-block-image aligncenter size-large\"><a href=\"https:\/\/services.whitepod.com\/wp-content\/uploads\/2023\/12\/2023_06_WPO_Map_Web_wellness_4.0-1-1024x641.png\"><img loading=\"lazy\" decoding=\"async\" width=\"1024\" height=\"641\" src=\"https:\/\/services.whitepod.com\/wp-content\/uploads\/2023\/12\/2023_06_WPO_Map_Web_wellness_4.0-1-1024x641.png\" alt=\"\" class=\"wp-image-907\" srcset=\"https:\/\/services.whitepod.com\/wp-content\/uploads\/2023\/12\/2023_06_WPO_Map_Web_wellness_4.0-1-1024x641.png 1024w, https:\/\/services.whitepod.com\/wp-content\/uploads\/2023\/12\/2023_06_WPO_Map_Web_wellness_4.0-1-300x188.png 300w, https:\/\/services.whitepod.com\/wp-content\/uploads\/2023\/12\/2023_06_WPO_Map_Web_wellness_4.0-1-768x481.png 768w, https:\/\/services.whitepod.com\/wp-content\/uploads\/2023\/12\/2023_06_WPO_Map_Web_wellness_4.0-1-50x31.png 50w, https:\/\/services.whitepod.com\/wp-content\/uploads\/2023\/12\/2023_06_WPO_Map_Web_wellness_4.0-1-1600x1002.png 1600w, https:\/\/services.whitepod.com\/wp-content\/uploads\/2023\/12\/2023_06_WPO_Map_Web_wellness_4.0-1-1536x962.png 1536w, https:\/\/services.whitepod.com\/wp-content\/uploads\/2023\/12\/2023_06_WPO_Map_Web_wellness_4.0-1.png 1772w\" sizes=\"auto, (max-width: 1024px) 100vw, 1024px\" \/><\/a><\/figure>\n<\/div>\n\n\n\n<div style=\"height:100px\" aria-hidden=\"true\" class=\"wp-block-spacer\"><\/div>\n","protected":false},"excerpt":{"rendered":"<p>Spa Die gemischte Sauna und das skandinavische Bad befinden sich direkt au\u00dferhalb des Tsijiri. Sie stehen allen von 9:00 bis [&hellip;]<\/p>\n","protected":false},"author":3,"featured_media":0,"parent":637,"menu_order":0,"comment_status":"closed","ping_status":"closed","template":"","meta":{"_acf_changed":false,"_editorskit_title_hidden":false,"_editorskit_reading_time":0,"_editorskit_is_block_options_detached":false,"_editorskit_block_options_position":"{}","footnotes":""},"class_list":["post-643","page","type-page","status-publish","hentry"],"acf":[],"_links":{"self":[{"href":"https:\/\/services.whitepod.com\/de\/wp-json\/wp\/v2\/pages\/643","targetHints":{"allow":["GET"]}}],"collection":[{"href":"https:\/\/services.whitepod.com\/de\/wp-json\/wp\/v2\/pages"}],"about":[{"href":"https:\/\/services.whitepod.com\/de\/wp-json\/wp\/v2\/types\/page"}],"author":[{"embeddable":true,"href":"https:\/\/services.whitepod.com\/de\/wp-json\/wp\/v2\/users\/3"}],"replies":[{"embeddable":true,"href":"https:\/\/services.whitepod.com\/de\/wp-json\/wp\/v2\/comments?post=643"}],"version-history":[{"count":13,"href":"https:\/\/services.whitepod.com\/de\/wp-json\/wp\/v2\/pages\/643\/revisions"}],"predecessor-version":[{"id":1375,"href":"https:\/\/services.whitepod.com\/de\/wp-json\/wp\/v2\/pages\/643\/revisions\/1375"}],"up":[{"embeddable":true,"href":"https:\/\/services.whitepod.com\/de\/wp-json\/wp\/v2\/pages\/637"}],"wp:attachment":[{"href":"https:\/\/services.whitepod.com\/de\/wp-json\/wp\/v2\/media?parent=643"}],"curies":[{"name":"wp","href":"https:\/\/api.w.org\/{rel}","templated":true}]}}