{"id":653,"date":"2023-09-12T15:19:05","date_gmt":"2023-09-12T13:19:05","guid":{"rendered":"https:\/\/services.whitepod.com\/massagen-und-sauna\/massages\/"},"modified":"2023-09-14T16:40:11","modified_gmt":"2023-09-14T14:40:11","slug":"massagen","status":"publish","type":"page","link":"https:\/\/services.whitepod.com\/de\/massagen-und-sauna\/massagen\/","title":{"rendered":"Massagen"},"content":{"rendered":"\n<div class=\"wp-block-buttons is-layout-flex wp-block-buttons-is-layout-flex\">\n<div class=\"wp-block-button icon-back\"><a class=\"wp-block-button__link wp-element-button\" href=\"https:\/\/services.whitepod.com\/de\/massagen-und-sauna\/\">Zur\u00fcck<\/a><\/div>\n<\/div>\n\n\n\n<div style=\"height:20px\" aria-hidden=\"true\" class=\"wp-block-spacer\"><\/div>\n\n\n   <div id=\"block-block_046a1154f322e4c4a7041bf8f8b6d616\" class=\"row block-fetch_massage grid grid-cols-1 gap-10 lg:grid-cols-3 md:grid-cols-2\">\n      \n         \n                  <a href=\"https:\/\/whitepod.com\/de\/activites\/heller-hals\/\" target=\"_blank\" class=\"flex flex-col overflow-hidden transition-all duration-300 bg-white shadow-sm hover:shadow-lg cell-activity group hover:text-secondary rounded-tl-3xl rounded-br-3xl\">\n            <div class=\"md:h-[430px] bg-secondary\/20 h-[350px] overflow-hidden flex items-center justify-center\">\n               <div class=\"w-full h-full transition-all duration-[2s] ease-out group-hover:ease-linear group-hover:duration-[15s] bg-center bg-cover group-hover:scale-150\" style=\"background-image:url('https:\/\/whitepod.com\/wp-content\/uploads\/2023\/07\/massage-tissue.jpg');\"><\/div>\n            <\/div>\n            <div class=\"flex flex-col px-5 py-12 overflow-scroll grow\">\n               <pre><\/pre>\n               <h3 class=\"leading-tight\">Heller Hals<\/h3>\n               <div class=\"\">\n                  Entspannende Bewegungen im Kopf-, Nacken- und Schulterbereich, die das Loslassen erm\u00f6glichen und Verspannungen und Kopfschmerzen im Zusamme [\u2026]               <\/div>\n            <\/div>\n         <\/a>\n\n      \n         \n                  <a href=\"https:\/\/whitepod.com\/de\/activites\/relax\/\" target=\"_blank\" class=\"flex flex-col overflow-hidden transition-all duration-300 bg-white shadow-sm hover:shadow-lg cell-activity group hover:text-secondary rounded-tl-3xl rounded-br-3xl\">\n            <div class=\"md:h-[430px] bg-secondary\/20 h-[350px] overflow-hidden flex items-center justify-center\">\n               <div class=\"w-full h-full transition-all duration-[2s] ease-out group-hover:ease-linear group-hover:duration-[15s] bg-center bg-cover group-hover:scale-150\" style=\"background-image:url('https:\/\/whitepod.com\/wp-content\/uploads\/2023\/07\/pexels-cottonbro-studio-3997985-683x1024.jpg');\"><\/div>\n            <\/div>\n            <div class=\"flex flex-col px-5 py-12 overflow-scroll grow\">\n               <pre><\/pre>\n               <h3 class=\"leading-tight\">Relax<\/h3>\n               <div class=\"\">\n                  Mit Hilfe einer speziellen Mischung aus \u00e4therischen \u00d6len, ist diese Massage besonders entspannend nach grossem Stress.Ein Gef\u00fchl von Leic [\u2026]               <\/div>\n            <\/div>\n         <\/a>\n\n      \n         \n                  <a href=\"https:\/\/whitepod.com\/de\/activites\/entspannung\/\" target=\"_blank\" class=\"flex flex-col overflow-hidden transition-all duration-300 bg-white shadow-sm hover:shadow-lg cell-activity group hover:text-secondary rounded-tl-3xl rounded-br-3xl\">\n            <div class=\"md:h-[430px] bg-secondary\/20 h-[350px] overflow-hidden flex items-center justify-center\">\n               <div class=\"w-full h-full transition-all duration-[2s] ease-out group-hover:ease-linear group-hover:duration-[15s] bg-center bg-cover group-hover:scale-150\" style=\"background-image:url('https:\/\/whitepod.com\/wp-content\/uploads\/2018\/10\/pexels-cottonbro-studio-3998013-683x1024.jpg');\"><\/div>\n            <\/div>\n            <div class=\"flex flex-col px-5 py-12 overflow-scroll grow\">\n               <pre><\/pre>\n               <h3 class=\"leading-tight\">Entspannung<\/h3>\n               <div class=\"\">\n                  Von den F\u00fc\u00dfen bis zum Kopf einmassieren. Diese Bewegungskombination ist vom Ayurveda inspiriert, um das Gleichgewicht zu erhalten oder wie [\u2026]               <\/div>\n            <\/div>\n         <\/a>\n\n      \n         \n                  <a href=\"https:\/\/whitepod.com\/de\/activites\/komfort-ihres-rueckens\/\" target=\"_blank\" class=\"flex flex-col overflow-hidden transition-all duration-300 bg-white shadow-sm hover:shadow-lg cell-activity group hover:text-secondary rounded-tl-3xl rounded-br-3xl\">\n            <div class=\"md:h-[430px] bg-secondary\/20 h-[350px] overflow-hidden flex items-center justify-center\">\n               <div class=\"w-full h-full transition-all duration-[2s] ease-out group-hover:ease-linear group-hover:duration-[15s] bg-center bg-cover group-hover:scale-150\" style=\"background-image:url('https:\/\/whitepod.com\/wp-content\/uploads\/2018\/10\/pexels-nothing-ahead-3230236-1-683x1024.jpg');\"><\/div>\n            <\/div>\n            <div class=\"flex flex-col px-5 py-12 overflow-scroll grow\">\n               <pre><\/pre>\n               <h3 class=\"leading-tight\">Komfort ihres R\u00fcckens<\/h3>\n               <div class=\"\">\n                  \nErleben Sie das einzigartige Erlebnis dieser regenerierenden und harmonisierenden Behandlung f\u00fcr Ihre Wirbels\u00e4ule. Mit sanften und s l\u00e4d [\u2026]               <\/div>\n            <\/div>\n         <\/a>\n\n      \n         \n                  <a href=\"https:\/\/whitepod.com\/de\/activites\/schwangerschaft\/\" target=\"_blank\" class=\"flex flex-col overflow-hidden transition-all duration-300 bg-white shadow-sm hover:shadow-lg cell-activity group hover:text-secondary rounded-tl-3xl rounded-br-3xl\">\n            <div class=\"md:h-[430px] bg-secondary\/20 h-[350px] overflow-hidden flex items-center justify-center\">\n               <div class=\"w-full h-full transition-all duration-[2s] ease-out group-hover:ease-linear group-hover:duration-[15s] bg-center bg-cover group-hover:scale-150\" style=\"background-image:url('https:\/\/whitepod.com\/wp-content\/uploads\/2018\/10\/pexels-daniel-reche-1556669-1024x683.jpg');\"><\/div>\n            <\/div>\n            <div class=\"flex flex-col px-5 py-12 overflow-scroll grow\">\n               <pre><\/pre>\n               <h3 class=\"leading-tight\">Schwangerschaft<\/h3>\n               <div class=\"\">\n                  \nNichts geht \u00fcber eine Massagepause w\u00e4hrend der Schwangerschaft. Ein Moment der absoluten Entspannung, um die kleinen Schmerzen zu lindern [\u2026]               <\/div>\n            <\/div>\n         <\/a>\n\n      \n         \n                  <a href=\"https:\/\/whitepod.com\/de\/activites\/kleiner-wanderer\/\" target=\"_blank\" class=\"flex flex-col overflow-hidden transition-all duration-300 bg-white shadow-sm hover:shadow-lg cell-activity group hover:text-secondary rounded-tl-3xl rounded-br-3xl\">\n            <div class=\"md:h-[430px] bg-secondary\/20 h-[350px] overflow-hidden flex items-center justify-center\">\n               <div class=\"w-full h-full transition-all duration-[2s] ease-out group-hover:ease-linear group-hover:duration-[15s] bg-center bg-cover group-hover:scale-150\" style=\"background-image:url('https:\/\/whitepod.com\/wp-content\/uploads\/2018\/10\/pexels-polina-tankilevitch-3875103-683x1024.jpg');\"><\/div>\n            <\/div>\n            <div class=\"flex flex-col px-5 py-12 overflow-scroll grow\">\n               <pre><\/pre>\n               <h3 class=\"leading-tight\">Kleiner Wanderer<\/h3>\n               <div class=\"\">\n                  Um die m\u00fcden Beine unserer gro\u00dfen kleinen Athleten zu entspannen. Eine Massage, die sich auf den unteren R\u00fccken, die Beine und die F\u00fc\u00dfe [\u2026]               <\/div>\n            <\/div>\n         <\/a>\n\n      \n         \n                  <a href=\"https:\/\/whitepod.com\/de\/activites\/fussmassage\/\" target=\"_blank\" class=\"flex flex-col overflow-hidden transition-all duration-300 bg-white shadow-sm hover:shadow-lg cell-activity group hover:text-secondary rounded-tl-3xl rounded-br-3xl\">\n            <div class=\"md:h-[430px] bg-secondary\/20 h-[350px] overflow-hidden flex items-center justify-center\">\n               <div class=\"w-full h-full transition-all duration-[2s] ease-out group-hover:ease-linear group-hover:duration-[15s] bg-center bg-cover group-hover:scale-150\" style=\"background-image:url('https:\/\/whitepod.com\/wp-content\/uploads\/2018\/10\/pexels-koolshooters-6628700-683x1024.jpg');\"><\/div>\n            <\/div>\n            <div class=\"flex flex-col px-5 py-12 overflow-scroll grow\">\n               <pre><\/pre>\n               <h3 class=\"leading-tight\">Fussmassage<\/h3>\n               <div class=\"\">\n                  \nDiese subtile, tiefe und gro\u00dfz\u00fcgige Fu\u00dfmassage bietet totale Entspannung und hilft Ihrem K\u00f6rper, sich zu befreien und ein k\u00f6rperliches [\u2026]               <\/div>\n            <\/div>\n         <\/a>\n\n      \n         \n                  <a href=\"https:\/\/whitepod.com\/de\/activites\/sitzmassage\/\" target=\"_blank\" class=\"flex flex-col overflow-hidden transition-all duration-300 bg-white shadow-sm hover:shadow-lg cell-activity group hover:text-secondary rounded-tl-3xl rounded-br-3xl\">\n            <div class=\"md:h-[430px] bg-secondary\/20 h-[350px] overflow-hidden flex items-center justify-center\">\n               <div class=\"w-full h-full transition-all duration-[2s] ease-out group-hover:ease-linear group-hover:duration-[15s] bg-center bg-cover group-hover:scale-150\" style=\"background-image:url('https:\/\/whitepod.com\/wp-content\/uploads\/2018\/10\/pexels-cottonbro-studio-3997983-683x1024.jpg');\"><\/div>\n            <\/div>\n            <div class=\"flex flex-col px-5 py-12 overflow-scroll grow\">\n               <pre><\/pre>\n               <h3 class=\"leading-tight\">Sitzmassage<\/h3>\n               <div class=\"\">\n                  Entdecken Sie die Vorteile der Sitzmassage. Zwischen zwei Aktivit\u00e4ten, beruhigen Sie Ihren Geist und revitalisieren Sie sich selbst.\n&nbsp; [\u2026]               <\/div>\n            <\/div>\n         <\/a>\n\n         <\/div>\n\n\n\n<div style=\"height:100px\" aria-hidden=\"true\" class=\"wp-block-spacer\"><\/div>\n","protected":false},"excerpt":{"rendered":"","protected":false},"author":3,"featured_media":0,"parent":637,"menu_order":0,"comment_status":"closed","ping_status":"closed","template":"","meta":{"_acf_changed":false,"_editorskit_title_hidden":false,"_editorskit_reading_time":0,"_editorskit_is_block_options_detached":false,"_editorskit_block_options_position":"{}","footnotes":""},"class_list":["post-653","page","type-page","status-publish","hentry"],"acf":[],"_links":{"self":[{"href":"https:\/\/services.whitepod.com\/de\/wp-json\/wp\/v2\/pages\/653","targetHints":{"allow":["GET"]}}],"collection":[{"href":"https:\/\/services.whitepod.com\/de\/wp-json\/wp\/v2\/pages"}],"about":[{"href":"https:\/\/services.whitepod.com\/de\/wp-json\/wp\/v2\/types\/page"}],"author":[{"embeddable":true,"href":"https:\/\/services.whitepod.com\/de\/wp-json\/wp\/v2\/users\/3"}],"replies":[{"embeddable":true,"href":"https:\/\/services.whitepod.com\/de\/wp-json\/wp\/v2\/comments?post=653"}],"version-history":[{"count":1,"href":"https:\/\/services.whitepod.com\/de\/wp-json\/wp\/v2\/pages\/653\/revisions"}],"predecessor-version":[{"id":655,"href":"https:\/\/services.whitepod.com\/de\/wp-json\/wp\/v2\/pages\/653\/revisions\/655"}],"up":[{"embeddable":true,"href":"https:\/\/services.whitepod.com\/de\/wp-json\/wp\/v2\/pages\/637"}],"wp:attachment":[{"href":"https:\/\/services.whitepod.com\/de\/wp-json\/wp\/v2\/media?parent=653"}],"curies":[{"name":"wp","href":"https:\/\/api.w.org\/{rel}","templated":true}]}}