{"id":657,"date":"2023-09-13T10:53:32","date_gmt":"2023-09-13T08:53:32","guid":{"rendered":"https:\/\/services.whitepod.com\/meteo-news\/"},"modified":"2023-09-14T16:50:22","modified_gmt":"2023-09-14T14:50:22","slug":"wetter-nachrichten","status":"publish","type":"page","link":"https:\/\/services.whitepod.com\/de\/wetter-nachrichten\/","title":{"rendered":"Wetter &amp; Nachrichten"},"content":{"rendered":"\n<div class=\"wp-block-buttons is-layout-flex wp-block-buttons-is-layout-flex\">\n<div class=\"wp-block-button icon-back\"><a class=\"wp-block-button__link wp-element-button\" href=\"https:\/\/services.whitepod.com\/de\/\">Zur\u00fcck<\/a><\/div>\n<\/div>\n\n\n\n<div style=\"height:20px\" aria-hidden=\"true\" class=\"wp-block-spacer\"><\/div>\n\n\n\n<div style=\"height:100px\" aria-hidden=\"true\" class=\"wp-block-spacer\"><\/div>\n\n\n\n<div class=\"wp-block-group alignwide is-style-shadow has-white-background-color has-background is-layout-flow wp-block-group-is-layout-flow\">\n<div class=\"wp-block-columns is-style-default is-layout-flex wp-container-core-columns-is-layout-9d6595d7 wp-block-columns-is-layout-flex\">\n<div class=\"wp-block-column is-layout-flow wp-block-column-is-layout-flow\" style=\"flex-basis:50%\">\n<div style=\"height:20px\" aria-hidden=\"true\" class=\"wp-block-spacer\"><\/div>\n\n\n<br \/>\n<b>Warning<\/b>:  file_get_contents(https:\/\/www.prevision-meteo.ch\/services\/json\/lat=46.223980lng=6.957880): Failed to open stream: HTTP request failed! HTTP\/1.1 502 Bad Gateway\r\n in <b>\/home\/clients\/c6b85762aaec3e711f857c8312635dd8\/sites\/services.whitepod.com\/wp-content\/themes\/tm21-whitepod-services\/blocks\/meteo.php<\/b> on line <b>44<\/b><br \/>\n\n<div id=\"meteo-block_ee307ec356f0e599d0c898493a1ded90\" class=\"block-meteo flex flex-col items-center justify-center\">\n\n    <p class=\"is-style-no-margin\">Pr\u00e9vision<\/p>\n    <h3 class=\"is-style-no-margin\">1871 \u2013 Les Cerniers<\/h3>\n    <span class=\"mt-2\"><strong>Samstag 4 April 2026<\/strong><\/span>\n\n        <div class=\"meteo-icon <br \/>\n<b>Warning<\/b>:  Attempt to read property &#8222;current_condition&#8220; on null in <b>\/home\/clients\/c6b85762aaec3e711f857c8312635dd8\/sites\/services.whitepod.com\/wp-content\/themes\/tm21-whitepod-services\/blocks\/meteo.php<\/b> on line <b>56<\/b><br \/>\n<br \/>\n<b>Warning<\/b>:  Attempt to read property &#8222;condition_key&#8220; on null in <b>\/home\/clients\/c6b85762aaec3e711f857c8312635dd8\/sites\/services.whitepod.com\/wp-content\/themes\/tm21-whitepod-services\/blocks\/meteo.php<\/b> on line <b>56<\/b><br \/>\n flex mt-10 items-center&#8220;>\n        <p class=\"is-style-no-margin\"><strong><br \/>\n<b>Warning<\/b>:  Attempt to read property &#8222;current_condition&#8220; on null in <b>\/home\/clients\/c6b85762aaec3e711f857c8312635dd8\/sites\/services.whitepod.com\/wp-content\/themes\/tm21-whitepod-services\/blocks\/meteo.php<\/b> on line <b>57<\/b><br \/>\n<br \/>\n<b>Warning<\/b>:  Attempt to read property &#8222;condition&#8220; on null in <b>\/home\/clients\/c6b85762aaec3e711f857c8312635dd8\/sites\/services.whitepod.com\/wp-content\/themes\/tm21-whitepod-services\/blocks\/meteo.php<\/b> on line <b>57<\/b><br \/>\n<\/strong><\/p>\n    <\/div>\n\n        <div class=\"flex items-center gap-2 mt-10\">\n        <span class=\"text-6xl font-semibold text-primary\"><br \/>\n<b>Warning<\/b>:  Attempt to read property &#8222;current_condition&#8220; on null in <b>\/home\/clients\/c6b85762aaec3e711f857c8312635dd8\/sites\/services.whitepod.com\/wp-content\/themes\/tm21-whitepod-services\/blocks\/meteo.php<\/b> on line <b>62<\/b><br \/>\n<br \/>\n<b>Warning<\/b>:  Attempt to read property &#8222;tmp&#8220; on null in <b>\/home\/clients\/c6b85762aaec3e711f857c8312635dd8\/sites\/services.whitepod.com\/wp-content\/themes\/tm21-whitepod-services\/blocks\/meteo.php<\/b> on line <b>62<\/b><br \/>\n\u00b0<\/span>\n\n        <div class=\"flex flex-col items-center text-lg\">\n            <span><br \/>\n<b>Warning<\/b>:  Attempt to read property &#8222;fcst_day_0&#8220; on null in <b>\/home\/clients\/c6b85762aaec3e711f857c8312635dd8\/sites\/services.whitepod.com\/wp-content\/themes\/tm21-whitepod-services\/blocks\/meteo.php<\/b> on line <b>65<\/b><br \/>\n<br \/>\n<b>Warning<\/b>:  Attempt to read property &#8222;tmax&#8220; on null in <b>\/home\/clients\/c6b85762aaec3e711f857c8312635dd8\/sites\/services.whitepod.com\/wp-content\/themes\/tm21-whitepod-services\/blocks\/meteo.php<\/b> on line <b>65<\/b><br \/>\n<\/span>\n            <span class=\"pt-1 mt-1 border-t\"><br \/>\n<b>Warning<\/b>:  Attempt to read property &#8222;fcst_day_0&#8220; on null in <b>\/home\/clients\/c6b85762aaec3e711f857c8312635dd8\/sites\/services.whitepod.com\/wp-content\/themes\/tm21-whitepod-services\/blocks\/meteo.php<\/b> on line <b>66<\/b><br \/>\n<br \/>\n<b>Warning<\/b>:  Attempt to read property &#8222;tmin&#8220; on null in <b>\/home\/clients\/c6b85762aaec3e711f857c8312635dd8\/sites\/services.whitepod.com\/wp-content\/themes\/tm21-whitepod-services\/blocks\/meteo.php<\/b> on line <b>66<\/b><br \/>\n<\/span>\n        <\/div>\n    <\/div>\n\n        <div class=\"flex justify-center w-full mt-10 gap-x-10\">\n        \n                        <div class=\"flex flex-col items-center justify-center\">\n                <span class=\"font-semibold uppercase\"><br \/>\n<b>Warning<\/b>:  Attempt to read property &#8222;fcst_day_1&#8220; on null in <b>\/home\/clients\/c6b85762aaec3e711f857c8312635dd8\/sites\/services.whitepod.com\/wp-content\/themes\/tm21-whitepod-services\/blocks\/meteo.php<\/b> on line <b>76<\/b><br \/>\n<br \/>\n<b>Warning<\/b>:  Attempt to read property &#8222;day_short&#8220; on null in <b>\/home\/clients\/c6b85762aaec3e711f857c8312635dd8\/sites\/services.whitepod.com\/wp-content\/themes\/tm21-whitepod-services\/blocks\/meteo.php<\/b> on line <b>76<\/b><br \/>\n<\/span>\n                <div class=\"meteo-icon meteo-icon-mini <br \/>\n<b>Warning<\/b>:  Attempt to read property &#8222;fcst_day_1&#8220; on null in <b>\/home\/clients\/c6b85762aaec3e711f857c8312635dd8\/sites\/services.whitepod.com\/wp-content\/themes\/tm21-whitepod-services\/blocks\/meteo.php<\/b> on line <b>77<\/b><br \/>\n<br \/>\n<b>Warning<\/b>:  Attempt to read property &#8222;condition_key&#8220; on null in <b>\/home\/clients\/c6b85762aaec3e711f857c8312635dd8\/sites\/services.whitepod.com\/wp-content\/themes\/tm21-whitepod-services\/blocks\/meteo.php<\/b> on line <b>77<\/b><br \/>\n&#8222;> \n                <\/div>\n                <div class=\"flex flex-col items-center text-lg\">\n                    <span><br \/>\n<b>Warning<\/b>:  Attempt to read property &#8222;fcst_day_1&#8220; on null in <b>\/home\/clients\/c6b85762aaec3e711f857c8312635dd8\/sites\/services.whitepod.com\/wp-content\/themes\/tm21-whitepod-services\/blocks\/meteo.php<\/b> on line <b>80<\/b><br \/>\n<br \/>\n<b>Warning<\/b>:  Attempt to read property &#8222;tmax&#8220; on null in <b>\/home\/clients\/c6b85762aaec3e711f857c8312635dd8\/sites\/services.whitepod.com\/wp-content\/themes\/tm21-whitepod-services\/blocks\/meteo.php<\/b> on line <b>80<\/b><br \/>\n<\/span>\n                    <span class=\"pt-1 mt-1 border-t\"><br \/>\n<b>Warning<\/b>:  Attempt to read property &#8222;fcst_day_1&#8220; on null in <b>\/home\/clients\/c6b85762aaec3e711f857c8312635dd8\/sites\/services.whitepod.com\/wp-content\/themes\/tm21-whitepod-services\/blocks\/meteo.php<\/b> on line <b>81<\/b><br \/>\n<br \/>\n<b>Warning<\/b>:  Attempt to read property &#8222;tmin&#8220; on null in <b>\/home\/clients\/c6b85762aaec3e711f857c8312635dd8\/sites\/services.whitepod.com\/wp-content\/themes\/tm21-whitepod-services\/blocks\/meteo.php<\/b> on line <b>81<\/b><br \/>\n<\/span>\n                <\/div>\n            <\/div>\n\n        \n                        <div class=\"flex flex-col items-center justify-center\">\n                <span class=\"font-semibold uppercase\"><br \/>\n<b>Warning<\/b>:  Attempt to read property &#8222;fcst_day_2&#8220; on null in <b>\/home\/clients\/c6b85762aaec3e711f857c8312635dd8\/sites\/services.whitepod.com\/wp-content\/themes\/tm21-whitepod-services\/blocks\/meteo.php<\/b> on line <b>76<\/b><br \/>\n<br \/>\n<b>Warning<\/b>:  Attempt to read property &#8222;day_short&#8220; on null in <b>\/home\/clients\/c6b85762aaec3e711f857c8312635dd8\/sites\/services.whitepod.com\/wp-content\/themes\/tm21-whitepod-services\/blocks\/meteo.php<\/b> on line <b>76<\/b><br \/>\n<\/span>\n                <div class=\"meteo-icon meteo-icon-mini <br \/>\n<b>Warning<\/b>:  Attempt to read property &#8222;fcst_day_2&#8220; on null in <b>\/home\/clients\/c6b85762aaec3e711f857c8312635dd8\/sites\/services.whitepod.com\/wp-content\/themes\/tm21-whitepod-services\/blocks\/meteo.php<\/b> on line <b>77<\/b><br \/>\n<br \/>\n<b>Warning<\/b>:  Attempt to read property &#8222;condition_key&#8220; on null in <b>\/home\/clients\/c6b85762aaec3e711f857c8312635dd8\/sites\/services.whitepod.com\/wp-content\/themes\/tm21-whitepod-services\/blocks\/meteo.php<\/b> on line <b>77<\/b><br \/>\n&#8222;> \n                <\/div>\n                <div class=\"flex flex-col items-center text-lg\">\n                    <span><br \/>\n<b>Warning<\/b>:  Attempt to read property &#8222;fcst_day_2&#8220; on null in <b>\/home\/clients\/c6b85762aaec3e711f857c8312635dd8\/sites\/services.whitepod.com\/wp-content\/themes\/tm21-whitepod-services\/blocks\/meteo.php<\/b> on line <b>80<\/b><br \/>\n<br \/>\n<b>Warning<\/b>:  Attempt to read property &#8222;tmax&#8220; on null in <b>\/home\/clients\/c6b85762aaec3e711f857c8312635dd8\/sites\/services.whitepod.com\/wp-content\/themes\/tm21-whitepod-services\/blocks\/meteo.php<\/b> on line <b>80<\/b><br \/>\n<\/span>\n                    <span class=\"pt-1 mt-1 border-t\"><br \/>\n<b>Warning<\/b>:  Attempt to read property &#8222;fcst_day_2&#8220; on null in <b>\/home\/clients\/c6b85762aaec3e711f857c8312635dd8\/sites\/services.whitepod.com\/wp-content\/themes\/tm21-whitepod-services\/blocks\/meteo.php<\/b> on line <b>81<\/b><br \/>\n<br \/>\n<b>Warning<\/b>:  Attempt to read property &#8222;tmin&#8220; on null in <b>\/home\/clients\/c6b85762aaec3e711f857c8312635dd8\/sites\/services.whitepod.com\/wp-content\/themes\/tm21-whitepod-services\/blocks\/meteo.php<\/b> on line <b>81<\/b><br \/>\n<\/span>\n                <\/div>\n            <\/div>\n\n        \n                        <div class=\"flex flex-col items-center justify-center\">\n                <span class=\"font-semibold uppercase\"><br \/>\n<b>Warning<\/b>:  Attempt to read property &#8222;fcst_day_3&#8220; on null in <b>\/home\/clients\/c6b85762aaec3e711f857c8312635dd8\/sites\/services.whitepod.com\/wp-content\/themes\/tm21-whitepod-services\/blocks\/meteo.php<\/b> on line <b>76<\/b><br \/>\n<br \/>\n<b>Warning<\/b>:  Attempt to read property &#8222;day_short&#8220; on null in <b>\/home\/clients\/c6b85762aaec3e711f857c8312635dd8\/sites\/services.whitepod.com\/wp-content\/themes\/tm21-whitepod-services\/blocks\/meteo.php<\/b> on line <b>76<\/b><br \/>\n<\/span>\n                <div class=\"meteo-icon meteo-icon-mini <br \/>\n<b>Warning<\/b>:  Attempt to read property &#8222;fcst_day_3&#8220; on null in <b>\/home\/clients\/c6b85762aaec3e711f857c8312635dd8\/sites\/services.whitepod.com\/wp-content\/themes\/tm21-whitepod-services\/blocks\/meteo.php<\/b> on line <b>77<\/b><br \/>\n<br \/>\n<b>Warning<\/b>:  Attempt to read property &#8222;condition_key&#8220; on null in <b>\/home\/clients\/c6b85762aaec3e711f857c8312635dd8\/sites\/services.whitepod.com\/wp-content\/themes\/tm21-whitepod-services\/blocks\/meteo.php<\/b> on line <b>77<\/b><br \/>\n&#8222;> \n                <\/div>\n                <div class=\"flex flex-col items-center text-lg\">\n                    <span><br \/>\n<b>Warning<\/b>:  Attempt to read property &#8222;fcst_day_3&#8220; on null in <b>\/home\/clients\/c6b85762aaec3e711f857c8312635dd8\/sites\/services.whitepod.com\/wp-content\/themes\/tm21-whitepod-services\/blocks\/meteo.php<\/b> on line <b>80<\/b><br \/>\n<br \/>\n<b>Warning<\/b>:  Attempt to read property &#8222;tmax&#8220; on null in <b>\/home\/clients\/c6b85762aaec3e711f857c8312635dd8\/sites\/services.whitepod.com\/wp-content\/themes\/tm21-whitepod-services\/blocks\/meteo.php<\/b> on line <b>80<\/b><br \/>\n<\/span>\n                    <span class=\"pt-1 mt-1 border-t\"><br \/>\n<b>Warning<\/b>:  Attempt to read property &#8222;fcst_day_3&#8220; on null in <b>\/home\/clients\/c6b85762aaec3e711f857c8312635dd8\/sites\/services.whitepod.com\/wp-content\/themes\/tm21-whitepod-services\/blocks\/meteo.php<\/b> on line <b>81<\/b><br \/>\n<br \/>\n<b>Warning<\/b>:  Attempt to read property &#8222;tmin&#8220; on null in <b>\/home\/clients\/c6b85762aaec3e711f857c8312635dd8\/sites\/services.whitepod.com\/wp-content\/themes\/tm21-whitepod-services\/blocks\/meteo.php<\/b> on line <b>81<\/b><br \/>\n<\/span>\n                <\/div>\n            <\/div>\n\n        \n                        <div class=\"flex flex-col items-center justify-center\">\n                <span class=\"font-semibold uppercase\"><br \/>\n<b>Warning<\/b>:  Attempt to read property &#8222;fcst_day_4&#8220; on null in <b>\/home\/clients\/c6b85762aaec3e711f857c8312635dd8\/sites\/services.whitepod.com\/wp-content\/themes\/tm21-whitepod-services\/blocks\/meteo.php<\/b> on line <b>76<\/b><br \/>\n<br \/>\n<b>Warning<\/b>:  Attempt to read property &#8222;day_short&#8220; on null in <b>\/home\/clients\/c6b85762aaec3e711f857c8312635dd8\/sites\/services.whitepod.com\/wp-content\/themes\/tm21-whitepod-services\/blocks\/meteo.php<\/b> on line <b>76<\/b><br \/>\n<\/span>\n                <div class=\"meteo-icon meteo-icon-mini <br \/>\n<b>Warning<\/b>:  Attempt to read property &#8222;fcst_day_4&#8220; on null in <b>\/home\/clients\/c6b85762aaec3e711f857c8312635dd8\/sites\/services.whitepod.com\/wp-content\/themes\/tm21-whitepod-services\/blocks\/meteo.php<\/b> on line <b>77<\/b><br \/>\n<br \/>\n<b>Warning<\/b>:  Attempt to read property &#8222;condition_key&#8220; on null in <b>\/home\/clients\/c6b85762aaec3e711f857c8312635dd8\/sites\/services.whitepod.com\/wp-content\/themes\/tm21-whitepod-services\/blocks\/meteo.php<\/b> on line <b>77<\/b><br \/>\n&#8222;> \n                <\/div>\n                <div class=\"flex flex-col items-center text-lg\">\n                    <span><br \/>\n<b>Warning<\/b>:  Attempt to read property &#8222;fcst_day_4&#8220; on null in <b>\/home\/clients\/c6b85762aaec3e711f857c8312635dd8\/sites\/services.whitepod.com\/wp-content\/themes\/tm21-whitepod-services\/blocks\/meteo.php<\/b> on line <b>80<\/b><br \/>\n<br \/>\n<b>Warning<\/b>:  Attempt to read property &#8222;tmax&#8220; on null in <b>\/home\/clients\/c6b85762aaec3e711f857c8312635dd8\/sites\/services.whitepod.com\/wp-content\/themes\/tm21-whitepod-services\/blocks\/meteo.php<\/b> on line <b>80<\/b><br \/>\n<\/span>\n                    <span class=\"pt-1 mt-1 border-t\"><br \/>\n<b>Warning<\/b>:  Attempt to read property &#8222;fcst_day_4&#8220; on null in <b>\/home\/clients\/c6b85762aaec3e711f857c8312635dd8\/sites\/services.whitepod.com\/wp-content\/themes\/tm21-whitepod-services\/blocks\/meteo.php<\/b> on line <b>81<\/b><br \/>\n<br \/>\n<b>Warning<\/b>:  Attempt to read property &#8222;tmin&#8220; on null in <b>\/home\/clients\/c6b85762aaec3e711f857c8312635dd8\/sites\/services.whitepod.com\/wp-content\/themes\/tm21-whitepod-services\/blocks\/meteo.php<\/b> on line <b>81<\/b><br \/>\n<\/span>\n                <\/div>\n            <\/div>\n\n            <\/div>\n\n\n<\/div>\n\n\n\n<div style=\"height:20px\" aria-hidden=\"true\" class=\"wp-block-spacer\"><\/div>\n<\/div>\n\n\n\n<div class=\"wp-block-column is-layout-flow wp-block-column-is-layout-flow\" style=\"flex-basis:50%\">\n<div style=\"height:20px\" aria-hidden=\"true\" class=\"wp-block-spacer\"><\/div>\n\n\n\n<h3 class=\"wp-block-heading\">Neueste Nachrichten<\/h3>\n\n\n\n<div style=\"height:20px\" aria-hidden=\"true\" class=\"wp-block-spacer\"><\/div>\n\n\n<ul class=\"wp-block-rss\"><li class='wp-block-rss__item'><div class='wp-block-rss__item-title'><a href='https:\/\/news.google.com\/rss\/articles\/CBMimwFBVV95cUxOYWQ2bHNZX09QTU90djBURFE3RjY4ZFpfVVBTQ2d1MlNRekxEdjZVM2xTbWNKdzNEV1NSZ00zdGx0eUl2eWtnVFJscHpoTEhsTi16ZTQ0T0pER1VCa2VQQklTbXRwWUxMNkNBMGxUWHJJaEtXamdyQ0lOVG16eUZJUnlTZ2MxanNsVlNETHJQU3hLNWxGeUtkVldYYw?oc=5'>Marathon des Terroirs du Valais BCVS &#8211; Manifestations &#8211; Ville de Martigny &#8211; Ville de Martigny<\/a><\/div><\/li><li class='wp-block-rss__item'><div class='wp-block-rss__item-title'><a href='https:\/\/news.google.com\/rss\/articles\/CBMitAFBVV95cUxPYVdmcEdodjhkbzZOZWMzSlJmbDlhN3pBRkV3X3Z0WDhXNlhjOHNiN0NwVUFKS0ZFTHpDZUpfSmdNdzJxNERmanJHUDBTemNmeVRiX1o1VEI4LXhKRkdFbjlSQ1h2S09RTVdhQkdQUS0xSmRhWlRRQmZUR0VPVVpUWjZ3cWgzRlJON1EzcWJFb1FYOC1qUnRoUDI2OTZtdGtBWFE5aTQ4ZEZvZWFwWWI5eEJ3dkU?oc=5'>La toute premi\u00e8re fois\u2026 qu\u2019on parlait de smartphones dans \u00abLe Nouvelliste\u00bb &#8211; Le Nouvelliste<\/a><\/div><\/li><li class='wp-block-rss__item'><div class='wp-block-rss__item-title'><a href='https:\/\/news.google.com\/rss\/articles\/CBMi5wFBVV95cUxQT05mRlhIN2g1cjliN0h4Zk1Kb1l3NTBEeEFvV05HV0pTdHo2VDQ1UjRDSjFXYUNxck5OakIzRHlnaGUweEg5ckctZU8taHNxNkozdmpnMU5nVm9XMUxvWXFNeGNFZGRDRG1lNGZjTXRSUVdhTmRZdmVTQ2RyX2thQW5NanBNcjAxZlZEXzM4ZTNraWllcWVuY091UUpPbnExSW12MkdNOWQ5TDBkSTg2QkplaUdUWkZRRTZvWml5ZUFHVlI1eVhtcHVxNTByZG5kSDFpV2VhT3pMSktOazFJdmlNR2tWVWc?oc=5'>Apr\u00e8s le drame de Crans-Montana: 15 mesures de s\u00e9curit\u00e9 prises en urgence dans les \u00e9glises, juste avant P\u00e2ques &#8211; Le Nouvelliste<\/a><\/div><\/li><li class='wp-block-rss__item'><div class='wp-block-rss__item-title'><a href='https:\/\/news.google.com\/rss\/articles\/CBMigwFBVV95cUxPM1BhbURPWVFuQmhIcVJSSFVZNmo2NzlIVFl4ZDF4VkpLWlFOcmZPVy1meFpwQ1B3Uy1pVVctMEN1SXp5cjdRYmgxRURzQUw4MXVCMmwwSExWTm52YVlMUzJLWV82dC1vTS1YX3dabnlacGFkcVdJSldPdkFUOGZ1bnRjOA?oc=5'>L\u2019actualit\u00e9 du haut-Valais de la semaine du 30 mars 2026 &#8211; canal9.ch<\/a><\/div><\/li><li class='wp-block-rss__item'><div class='wp-block-rss__item-title'><a href='https:\/\/news.google.com\/rss\/articles\/CBMirwJBVV95cUxQallSSG5rX1dmRWJRVHh0XzFvTTVSSHoyLTB5WG9YcVZha0tpMk9lZDA3dTJ0VjhxbjgwNnlMSjBjZjhVSVBJb3M3RHpXakpyR05EelFDSy1JWTZSbHB5aWt3Q3VPbngxRW0yTnpnN2tETzlyU0NxTF84Ml9fUU82N0dyeVZlWG9FRExCajFNMnhBVnhEeU9CNXNhWld5dmhxNENkNnhqTzBYZFEwRGhXNzAzM3hDaUlhMVpGcVVoVG82b3JwRTlWYzFQcl92RHEzS2pnd3FSaGxyQjkycktHTnNSQURtRHVVN25Xamo0MVJGMXVKUlRWby1xNFV4ZXhkTmRPMGhOMGRnV0d3LTB2ZGVKbWFPVGlueW1rYmZXZHRLUlg5TVo3WUZfYVhvUmM?oc=5'>Laves torrentielles: Val de Bagnes poursuit la s\u00e9curisation du Fregnoley et met en place un plan d\u2019\u00e9vacuation \u00e0 Champsec &#8211; Le Nouvelliste<\/a><\/div><\/li><\/ul>\n\n\n<div style=\"height:20px\" aria-hidden=\"true\" class=\"wp-block-spacer\"><\/div>\n<\/div>\n<\/div>\n<\/div>\n\n\n\n<div style=\"height:100px\" aria-hidden=\"true\" class=\"wp-block-spacer\"><\/div>\n","protected":false},"excerpt":{"rendered":"<p>Neueste Nachrichten<\/p>\n","protected":false},"author":3,"featured_media":0,"parent":0,"menu_order":0,"comment_status":"closed","ping_status":"closed","template":"","meta":{"_acf_changed":false,"_editorskit_title_hidden":false,"_editorskit_reading_time":0,"_editorskit_is_block_options_detached":false,"_editorskit_block_options_position":"{}","footnotes":""},"class_list":["post-657","page","type-page","status-publish","hentry"],"acf":[],"_links":{"self":[{"href":"https:\/\/services.whitepod.com\/de\/wp-json\/wp\/v2\/pages\/657","targetHints":{"allow":["GET"]}}],"collection":[{"href":"https:\/\/services.whitepod.com\/de\/wp-json\/wp\/v2\/pages"}],"about":[{"href":"https:\/\/services.whitepod.com\/de\/wp-json\/wp\/v2\/types\/page"}],"author":[{"embeddable":true,"href":"https:\/\/services.whitepod.com\/de\/wp-json\/wp\/v2\/users\/3"}],"replies":[{"embeddable":true,"href":"https:\/\/services.whitepod.com\/de\/wp-json\/wp\/v2\/comments?post=657"}],"version-history":[{"count":1,"href":"https:\/\/services.whitepod.com\/de\/wp-json\/wp\/v2\/pages\/657\/revisions"}],"predecessor-version":[{"id":660,"href":"https:\/\/services.whitepod.com\/de\/wp-json\/wp\/v2\/pages\/657\/revisions\/660"}],"wp:attachment":[{"href":"https:\/\/services.whitepod.com\/de\/wp-json\/wp\/v2\/media?parent=657"}],"curies":[{"name":"wp","href":"https:\/\/api.w.org\/{rel}","templated":true}]}}