{"id":662,"date":"2023-09-13T10:39:44","date_gmt":"2023-09-13T08:39:44","guid":{"rendered":"https:\/\/services.whitepod.com\/philosophie\/"},"modified":"2024-01-17T15:39:38","modified_gmt":"2024-01-17T14:39:38","slug":"philosophie","status":"publish","type":"page","link":"https:\/\/services.whitepod.com\/de\/philosophie\/","title":{"rendered":"Philosophie"},"content":{"rendered":"\n<div class=\"wp-block-buttons is-layout-flex wp-block-buttons-is-layout-flex\">\n<div class=\"wp-block-button icon-back\"><a class=\"wp-block-button__link wp-element-button\" href=\"https:\/\/services.whitepod.com\/de\/\">Zur\u00fcck<\/a><\/div>\n<\/div>\n\n\n\n<div style=\"height:20px\" aria-hidden=\"true\" class=\"wp-block-spacer\"><\/div>\n\n\n\n<div style=\"height:100px\" aria-hidden=\"true\" class=\"wp-block-spacer\"><\/div>\n\n\n\n<div class=\"wp-block-columns is-layout-flex wp-container-core-columns-is-layout-9d6595d7 wp-block-columns-is-layout-flex\">\n<div class=\"wp-block-column is-layout-flow wp-block-column-is-layout-flow\">\n<figure class=\"wp-block-image size-large\"><img decoding=\"async\" src=\"https:\/\/services.whitepod.com\/wp-content\/uploads\/2020\/07\/unnamed.jpg\" alt=\"\" class=\"wp-image-436\"\/><\/figure>\n<\/div>\n\n\n\n<div class=\"wp-block-column is-layout-flow wp-block-column-is-layout-flow\">\n<h2 class=\"wp-block-heading\">Willkommen zu Hause!<\/h2>\n\n\n\n<p>Und herzlich Willkommen in der zauberhaften Dom\u00e4ne von Whitepod! F\u00fcr mich ist Whitepod eine Herzensangelegenheit, weit mehr als ein Gesch\u00e4ft. Es war im Jahre 2007, dass ich mich v\u00f6llig und total verliebte in diesen Ort und in sein Gesamtkonzept.<\/p>\n\n\n\n<p>Whitepod hat mir erlaubt, aus meinen immobilien &#8211; und finanziellen Angelegenheiten zu entfliehen und erm\u00f6glichte mir, einen Traum zu verwirklichen. Whitepod ist ein atypischer Ort, wo unsere Mitarbeiter wie Familienmitglieder behandelt werden und sich nach demselben Wertsystem richten. Diese Werte sind: Respekt, Grossz\u00fcgigkeit, Freude und Kreativit\u00e4t. <\/p>\n\n\n\n<p>Respekt f\u00fcr die Natur und Umwelt aber auch sorgen wir f\u00fcr die Intimit\u00e4t unserer lieben G\u00e4ste. Grossz\u00fcgigkeit und Freude im Sinne von pers\u00f6nlichem Willkommen heissen und unvergesslichem Erlebnis. Und schliesslich, mit Kreativit\u00e4t und Originalit\u00e4t um Ihnen Ihren Aufenthalt in Whitepod unvergesslich zu machen!<\/p>\n\n\n\n<p class=\"has-text-align-right\">Mit freundlichen Gr\u00fcssen,<br><em>Patrick Delarive<\/em><\/p>\n<\/div>\n<\/div>\n\n\n\n<div style=\"height:60px\" aria-hidden=\"true\" class=\"wp-block-spacer\"><\/div>\n\n\n\n<div class=\"wp-block-group alignwide is-style-shadow has-white-background-color has-background is-layout-flow wp-block-group-is-layout-flow\">\n<div style=\"height:40px\" aria-hidden=\"true\" class=\"wp-block-spacer\"><\/div>\n\n\n\n<figure class=\"wp-block-image aligncenter size-large is-resized\"><img loading=\"lazy\" decoding=\"async\" width=\"448\" height=\"512\" src=\"https:\/\/services.whitepod.com\/wp-content\/uploads\/2023\/10\/tree-solid-primary.svg\" alt=\"\" class=\"wp-image-715\" style=\"width:30px;height:undefinedpx\"\/><\/figure>\n\n\n\n<h2 class=\"wp-block-heading has-text-align-center has-primary-color has-text-color\">Die Philosophie Whitepod<\/h2>\n\n\n\n<p class=\"has-text-align-center\">Unsere Sorge um die Umwelt ist der Kern unserer Philosophie. Whitepod, ist das Ergebnis einer wichtigen Forschung die die negativen Auswirkungen auf die Umwelt minimisiert. Hier die drei wichtigsten Aspekte dieser Philosophie.<\/p>\n\n\n\n<div style=\"height:20px\" aria-hidden=\"true\" class=\"wp-block-spacer\"><\/div>\n\n\n\n<div class=\"wp-block-columns is-layout-flex wp-container-core-columns-is-layout-9d6595d7 wp-block-columns-is-layout-flex\">\n<div class=\"wp-block-column is-layout-flow wp-block-column-is-layout-flow\">\n<figure class=\"wp-block-image size-large\"><img decoding=\"async\" src=\"https:\/\/services.whitepod.com\/wp-content\/uploads\/2020\/08\/concept_img-02-1024x747.png\" alt=\"\" class=\"wp-image-888\"\/><\/figure>\n<\/div>\n\n\n\n<div class=\"wp-block-column is-layout-flow wp-block-column-is-layout-flow\">\n<h3 class=\"wp-block-heading\">Die Pods<\/h3>\n\n\n\n<p>Ihr Pod ist wahrscheinlich das einzigartigste Element Ihres Aufenthaltes. Seine spezielle Form passt sich hervorragend in die Natur ein und garantiert f\u00fcr grosse Sicherheit. Die Struktur des Pod ist aus Stahlstangen gebaut und vertr\u00e4gt starken Wind und grosse Mengen von Schnee. <\/p>\n\n\n\n<p>Die Isolierung wurde verdreifacht um W\u00e4rmeverluste zu minimisieren. Dank seiner weissen Abdeckung im Winter und gr\u00fcnen im Sommer, hat die visuelle Wirkung des Pod nahezu Null Einfluss auf die Landschaft. Jeder Pod bietet einen herrlichen Blick auf die umliegenden Berge.<\/p>\n\n\n\n<div style=\"height:30px\" aria-hidden=\"true\" class=\"wp-block-spacer\"><\/div>\n<\/div>\n<\/div>\n\n\n\n<div class=\"wp-block-columns is-layout-flex wp-container-core-columns-is-layout-9d6595d7 wp-block-columns-is-layout-flex\">\n<div class=\"wp-block-column is-layout-flow wp-block-column-is-layout-flow\">\n<h3 class=\"wp-block-heading\">Lokaler Beitrag<\/h3>\n\n\n\n<p>Whitepod unterst\u00fctzt finanziell lokale Vereinigungen wie zum Beispiel die St-Hubert Werkstatt: ein gesch\u00fctztes Unternehmen f\u00fcr Behinderte in Monthey, die uns alles Geschirr liefern. F\u00fcr mehr Details oder um die Werkstatt zu besuchen, wenden Sie sich bitte an die Rezeption.<\/p>\n\n\n\n<div style=\"height:30px\" aria-hidden=\"true\" class=\"wp-block-spacer\"><\/div>\n<\/div>\n\n\n\n<div class=\"wp-block-column is-layout-flow wp-block-column-is-layout-flow\">\n<h3 class=\"wp-block-heading\">Lokale Wirtschaft<\/h3>\n\n\n\n<p>Wir unterst\u00fctzen die lokale Wirtschaft durch den Einkauf aller Waren und Dienstleistungen in dieser Region. Unser K\u00fcchenchef gibt Ihnen gerne alle Informationen \u00fcber die Qualit\u00e4t der Produkte bekannt und der Manager unseres Restaurant informiert Sie gerne \u00fcber das lokale Netzwerk unserer Lieferanten.<\/p>\n\n\n\n<div style=\"height:30px\" aria-hidden=\"true\" class=\"wp-block-spacer\"><\/div>\n<\/div>\n<\/div>\n\n\n\n<div style=\"height:40px\" aria-hidden=\"true\" class=\"wp-block-spacer\"><\/div>\n<\/div>\n\n\n\n<div style=\"height:100px\" aria-hidden=\"true\" class=\"wp-block-spacer\"><\/div>\n\n\n\n<div class=\"wp-block-cover alignwide is-light\"><span aria-hidden=\"true\" class=\"wp-block-cover__background has-background-dim\"><\/span><img decoding=\"async\" class=\"wp-block-cover__image-background wp-image-885\" alt=\"\" src=\"https:\/\/services.whitepod.com\/wp-content\/uploads\/2020\/08\/concept_img-01.png\" data-object-fit=\"cover\"\/><div class=\"wp-block-cover__inner-container is-layout-flow wp-block-cover-is-layout-flow\">\n<figure class=\"wp-block-image aligncenter size-large is-resized\"><img decoding=\"async\" src=\"https:\/\/services.whitepod.com\/wp-content\/uploads\/2020\/08\/icon-book-white.png\" alt=\"\" class=\"wp-image-897\" style=\"width:45px;height:45px\"\/><\/figure>\n\n\n\n<h2 class=\"wp-block-heading has-text-align-center has-white-color has-text-color\">Geschichte<\/h2>\n<\/div><\/div>\n\n\n\n<div style=\"height:100px\" aria-hidden=\"true\" class=\"wp-block-spacer\"><\/div>\n\n\n\n<div class=\"wp-block-columns are-vertically-aligned-center mobile-center is-layout-flex wp-container-core-columns-is-layout-9d6595d7 wp-block-columns-is-layout-flex\">\n<div class=\"wp-block-column is-vertically-aligned-center is-layout-flow wp-block-column-is-layout-flow\" style=\"flex-basis:25%\">\n<h2 class=\"wp-block-heading has-text-align-right\">2004<\/h2>\n<\/div>\n\n\n\n<div class=\"wp-block-column is-vertically-aligned-center is-layout-flow wp-block-column-is-layout-flow\">\n<p>Whitepod startete mit drei Pods von je 10 m2 in Villars-sur-Ollon, ohne Wasser oder Strom<\/p>\n<\/div>\n<\/div>\n\n\n\n<div class=\"wp-block-columns are-vertically-aligned-center mobile-center is-layout-flex wp-container-core-columns-is-layout-9d6595d7 wp-block-columns-is-layout-flex\">\n<div class=\"wp-block-column is-vertically-aligned-center is-layout-flow wp-block-column-is-layout-flow\" style=\"flex-basis:25%\">\n<h2 class=\"wp-block-heading has-text-align-right\">2005<\/h2>\n<\/div>\n\n\n\n<div class=\"wp-block-column is-vertically-aligned-center is-layout-flow wp-block-column-is-layout-flow\">\n<p>Umzug von Whitepod nach Les Giettes und \u00dcbernahme des direkt gegen\u00fcber liegenden Restaurants &#8222;Les Cerniers&#8220;<\/p>\n<\/div>\n<\/div>\n\n\n\n<div class=\"wp-block-columns are-vertically-aligned-center mobile-center is-layout-flex wp-container-core-columns-is-layout-9d6595d7 wp-block-columns-is-layout-flex\">\n<div class=\"wp-block-column is-vertically-aligned-center is-layout-flow wp-block-column-is-layout-flow\" style=\"flex-basis:25%\">\n<h2 class=\"wp-block-heading has-text-align-right\">2009<\/h2>\n<\/div>\n\n\n\n<div class=\"wp-block-column is-vertically-aligned-center is-layout-flow wp-block-column-is-layout-flow\">\n<p>15 brandneue Pods \u00e0 je 40 m2, alle mit eigenen Badezimmern und Stromversorgung, komplett renovation des Pod Hauses<\/p>\n<\/div>\n<\/div>\n\n\n\n<div class=\"wp-block-columns are-vertically-aligned-center mobile-center is-layout-flex wp-container-core-columns-is-layout-9d6595d7 wp-block-columns-is-layout-flex\">\n<div class=\"wp-block-column is-vertically-aligned-center is-layout-flow wp-block-column-is-layout-flow\" style=\"flex-basis:25%\">\n<h2 class=\"wp-block-heading has-text-align-right\">2012<\/h2>\n<\/div>\n\n\n\n<div class=\"wp-block-column is-vertically-aligned-center is-layout-flow wp-block-column-is-layout-flow\">\n<p>Entstehung der Konferenz r\u00e4ume im Pod Haus<\/p>\n<\/div>\n<\/div>\n\n\n\n<div class=\"wp-block-columns are-vertically-aligned-center mobile-center is-layout-flex wp-container-core-columns-is-layout-9d6595d7 wp-block-columns-is-layout-flex\">\n<div class=\"wp-block-column is-vertically-aligned-center is-layout-flow wp-block-column-is-layout-flow\" style=\"flex-basis:25%\">\n<h2 class=\"wp-block-heading has-text-align-right\">2013<\/h2>\n<\/div>\n\n\n\n<div class=\"wp-block-column is-vertically-aligned-center is-layout-flow wp-block-column-is-layout-flow\">\n<p>Lancierung von Whitepod Summer, entstehung der &#8222;Family&#8220;-Pods<\/p>\n<\/div>\n<\/div>\n\n\n\n<div class=\"wp-block-columns are-vertically-aligned-center mobile-center is-layout-flex wp-container-core-columns-is-layout-9d6595d7 wp-block-columns-is-layout-flex\">\n<div class=\"wp-block-column is-vertically-aligned-center is-layout-flow wp-block-column-is-layout-flow\" style=\"flex-basis:25%\">\n<h2 class=\"wp-block-heading has-text-align-right\">2014<\/h2>\n<\/div>\n\n\n\n<div class=\"wp-block-column is-vertically-aligned-center is-layout-flow wp-block-column-is-layout-flow\">\n<p>Entstehung der \u201eDeluxe\u201c-Pods, Wellness-Bereich mit Sauna und Massage raum im Pod Haus<\/p>\n<\/div>\n<\/div>\n\n\n\n<div class=\"wp-block-columns are-vertically-aligned-center mobile-center is-layout-flex wp-container-core-columns-is-layout-9d6595d7 wp-block-columns-is-layout-flex\">\n<div class=\"wp-block-column is-vertically-aligned-center is-layout-flow wp-block-column-is-layout-flow\" style=\"flex-basis:25%\">\n<h2 class=\"wp-block-heading has-text-align-right\">2015<\/h2>\n<\/div>\n\n\n\n<div class=\"wp-block-column is-vertically-aligned-center is-layout-flow wp-block-column-is-layout-flow\">\n<p>Neuer Private Dining Bereich im Restaurant &#8222;Les Cerniers&#8220;<\/p>\n<\/div>\n<\/div>\n\n\n\n<div class=\"wp-block-columns are-vertically-aligned-center mobile-center is-layout-flex wp-container-core-columns-is-layout-9d6595d7 wp-block-columns-is-layout-flex\">\n<div class=\"wp-block-column is-vertically-aligned-center is-layout-flow wp-block-column-is-layout-flow\" style=\"flex-basis:25%\">\n<h2 class=\"wp-block-heading has-text-align-right\">2017<\/h2>\n<\/div>\n\n\n\n<div class=\"wp-block-column is-vertically-aligned-center is-layout-flow wp-block-column-is-layout-flow\">\n<p>Erstellung von 3 neuen Pods Suiten: 007, Swiss und Forest, Flocon verst\u00e4rkt das Team<\/p>\n<\/div>\n<\/div>\n\n\n\n<div class=\"wp-block-columns are-vertically-aligned-center mobile-center is-layout-flex wp-container-core-columns-is-layout-9d6595d7 wp-block-columns-is-layout-flex\">\n<div class=\"wp-block-column is-vertically-aligned-center is-layout-flow wp-block-column-is-layout-flow\" style=\"flex-basis:25%\">\n<h2 class=\"wp-block-heading has-text-align-right\">2018<\/h2>\n<\/div>\n\n\n\n<div class=\"wp-block-column is-vertically-aligned-center is-layout-flow wp-block-column-is-layout-flow\">\n<p>Erstellung der Zen-Pod-Suite, eines neuen Empfangs chalet und des Cheftisches<\/p>\n<\/div>\n<\/div>\n\n\n\n<div class=\"wp-block-columns are-vertically-aligned-center mobile-center is-layout-flex wp-container-core-columns-is-layout-9d6595d7 wp-block-columns-is-layout-flex\">\n<div class=\"wp-block-column is-vertically-aligned-center is-layout-flow wp-block-column-is-layout-flow\" style=\"flex-basis:25%\">\n<h2 class=\"wp-block-heading has-text-align-right\">2019<\/h2>\n<\/div>\n\n\n\n<div class=\"wp-block-column is-vertically-aligned-center is-layout-flow wp-block-column-is-layout-flow\">\n<p>Erstellung der Meeting Pod<\/p>\n<\/div>\n<\/div>\n\n\n\n<div class=\"wp-block-columns are-vertically-aligned-center mobile-center is-layout-flex wp-container-core-columns-is-layout-9d6595d7 wp-block-columns-is-layout-flex\">\n<div class=\"wp-block-column is-vertically-aligned-center is-layout-flow wp-block-column-is-layout-flow\" style=\"flex-basis:25%\">\n<h2 class=\"wp-block-heading has-text-align-right\">2020<\/h2>\n<\/div>\n\n\n\n<div class=\"wp-block-column is-vertically-aligned-center is-layout-flow wp-block-column-is-layout-flow\">\n<p>Erstellung der Suiten-Chalets und vollst\u00e4ndige Renovierung des Restaurants Les Cerniers<\/p>\n<\/div>\n<\/div>\n","protected":false},"excerpt":{"rendered":"<p>Willkommen zu Hause! Und herzlich Willkommen in der zauberhaften Dom\u00e4ne von Whitepod! F\u00fcr mich ist Whitepod eine Herzensangelegenheit, weit mehr [&hellip;]<\/p>\n","protected":false},"author":3,"featured_media":0,"parent":0,"menu_order":0,"comment_status":"closed","ping_status":"closed","template":"","meta":{"_acf_changed":false,"_editorskit_title_hidden":false,"_editorskit_reading_time":0,"_editorskit_is_block_options_detached":false,"_editorskit_block_options_position":"{}","footnotes":""},"class_list":["post-662","page","type-page","status-publish","hentry"],"acf":[],"_links":{"self":[{"href":"https:\/\/services.whitepod.com\/de\/wp-json\/wp\/v2\/pages\/662","targetHints":{"allow":["GET"]}}],"collection":[{"href":"https:\/\/services.whitepod.com\/de\/wp-json\/wp\/v2\/pages"}],"about":[{"href":"https:\/\/services.whitepod.com\/de\/wp-json\/wp\/v2\/types\/page"}],"author":[{"embeddable":true,"href":"https:\/\/services.whitepod.com\/de\/wp-json\/wp\/v2\/users\/3"}],"replies":[{"embeddable":true,"href":"https:\/\/services.whitepod.com\/de\/wp-json\/wp\/v2\/comments?post=662"}],"version-history":[{"count":4,"href":"https:\/\/services.whitepod.com\/de\/wp-json\/wp\/v2\/pages\/662\/revisions"}],"predecessor-version":[{"id":1049,"href":"https:\/\/services.whitepod.com\/de\/wp-json\/wp\/v2\/pages\/662\/revisions\/1049"}],"wp:attachment":[{"href":"https:\/\/services.whitepod.com\/de\/wp-json\/wp\/v2\/media?parent=662"}],"curies":[{"name":"wp","href":"https:\/\/api.w.org\/{rel}","templated":true}]}}