{"id":679,"date":"2023-09-13T10:43:18","date_gmt":"2023-09-13T08:43:18","guid":{"rendered":"https:\/\/services.whitepod.com\/securite\/"},"modified":"2026-01-19T11:17:14","modified_gmt":"2026-01-19T10:17:14","slug":"securite","status":"publish","type":"page","link":"https:\/\/services.whitepod.com\/de\/securite\/","title":{"rendered":"Sicherheit"},"content":{"rendered":"\n<div class=\"wp-block-buttons is-layout-flex wp-block-buttons-is-layout-flex\">\n<div class=\"wp-block-button icon-back\"><a class=\"wp-block-button__link wp-element-button\" href=\"https:\/\/services.whitepod.com\/de\/\">Zur\u00fcck<\/a><\/div>\n<\/div>\n\n\n\n<div style=\"height:20px\" aria-hidden=\"true\" class=\"wp-block-spacer\"><\/div>\n\n\n\n<div class=\"wp-block-columns is-style-no-margin is-layout-flex wp-container-core-columns-is-layout-9d6595d7 wp-block-columns-is-layout-flex\">\n<div class=\"wp-block-column is-layout-flow wp-block-column-is-layout-flow\">\n<div class=\"wp-block-group is-style-shadow has-white-background-color has-background is-layout-constrained wp-block-group-is-layout-constrained\">\n<div style=\"height:20px\" aria-hidden=\"true\" class=\"wp-block-spacer\"><\/div>\n\n\n\n<h2 class=\"wp-block-heading\">Unfall<\/h2>\n\n\n\n<p>Bei Unwohlsein oder Unfall, bitte wenden Sie sich dringend an eine Person von Whitepod oder an die Rezeption.<\/p>\n\n\n\n<p>Im \u00e4ussersten Notfall, w\u00e4hlen Sie folgende Notfall nummern:<\/p>\n\n\n\n<div style=\"height:20px\" aria-hidden=\"true\" class=\"wp-block-spacer\"><\/div>\n\n\n\n<div class=\"wp-block-columns is-style-no-padding has-white-background-color has-background is-layout-flex wp-container-core-columns-is-layout-9d6595d7 wp-block-columns-is-layout-flex\">\n<div class=\"wp-block-column is-vertically-aligned-top is-layout-flow wp-block-column-is-layout-flow\">\n<h2 class=\"wp-block-heading has-text-align-center has-huge-font-size has-primary-color has-text-color\">144<\/h2>\n\n\n\n<p class=\"has-text-align-center\" style=\"font-size:1rem\">Krankenwagen im Notfall<\/p>\n<\/div>\n\n\n\n<div class=\"wp-block-column is-vertically-aligned-top is-layout-flow wp-block-column-is-layout-flow\">\n<h2 class=\"wp-block-heading has-text-align-center has-huge-font-size has-primary-color has-text-color\">118<\/h2>\n\n\n\n<p class=\"has-text-align-center\" style=\"font-size:1rem\">Feuerwehr<\/p>\n<\/div>\n\n\n\n<div class=\"wp-block-column is-vertically-aligned-top is-layout-flow wp-block-column-is-layout-flow\">\n<h2 class=\"wp-block-heading has-text-align-center has-huge-font-size has-primary-color has-text-color\">117<\/h2>\n\n\n\n<p class=\"has-text-align-center\" style=\"font-size:1rem\">Polizei<\/p>\n<\/div>\n<\/div>\n<\/div>\n<\/div>\n\n\n\n<div class=\"wp-block-column is-layout-flow wp-block-column-is-layout-flow\">\n<div class=\"wp-block-group is-style-shadow has-white-background-color has-background is-layout-constrained wp-block-group-is-layout-constrained\">\n<div style=\"height:20px\" aria-hidden=\"true\" class=\"wp-block-spacer\"><\/div>\n\n\n\n<h2 class=\"wp-block-heading\">Feueralarm<\/h2>\n\n\n\n<div style=\"height:20px\" aria-hidden=\"true\" class=\"wp-block-spacer\"><\/div>\n\n\n\n<h5 class=\"wp-block-heading\">Im Pod<\/h5>\n\n\n\n<p>Verlassen Sie dringend Ihren Pod durch die T\u00fcr und geben Sie Alarm mit dem Walkie-Talkie. Versuchen Sie unter keinen Umst\u00e4nden das Feuer zu l\u00f6schen oder sich dem Feuer zu n\u00e4hern. <\/p>\n\n\n\n<p>Alle Pods sind mit Feueralarmen und CO2 Detektorger\u00e4ten ausgestattet. Im Fall von Feueralarm verlassen Sie schnellstens Ihren Pod und informieren Sie das Personal.<\/p>\n\n\n\n<h5 class=\"wp-block-heading\">Raucher<\/h5>\n\n\n\n<p>Alle Pods und Geb\u00e4ude von Whitepod sind absolut rauchfrei zu halten. Aschenbecher befinden sich ausserhalb der Geb\u00e4ude.<\/p>\n<\/div>\n<\/div>\n<\/div>\n\n\n\n<div style=\"height:40px\" aria-hidden=\"true\" class=\"wp-block-spacer\"><\/div>\n\n\n\n<div class=\"wp-block-group has-white-color has-primary-background-color has-text-color has-background is-layout-flow wp-block-group-is-layout-flow\">\n<h2 class=\"wp-block-heading has-text-align-center\">Im Notfall<\/h2>\n\n\n\n<div style=\"height:60px\" aria-hidden=\"true\" class=\"wp-block-spacer\"><\/div>\n\n\n\n<div class=\"wp-block-columns is-layout-flex wp-container-core-columns-is-layout-9d6595d7 wp-block-columns-is-layout-flex\">\n\n\n<div class=\"wp-block-column is-layout-flow wp-block-column-is-layout-flow\">\n<h3 class=\"wp-block-heading has-text-align-center\"><strong><strong>Von 20:00 bis 8:00<\/strong><\/strong><\/h3>\n\n\n\n<div style=\"height:38px\" aria-hidden=\"true\" class=\"wp-block-spacer\"><\/div>\n\n\n\n<figure class=\"wp-block-image aligncenter size-large is-resized\"><img decoding=\"async\" src=\"https:\/\/services.whitepod.com\/wp-content\/uploads\/2020\/07\/iconmonstr-smartphone-3-240-white.png\" alt=\"\" class=\"wp-image-583\" style=\"width:90px;height:90px\"\/><\/figure>\n\n\n\n<div style=\"height:20px\" aria-hidden=\"true\" class=\"wp-block-spacer\"><\/div>\n\n\n\n<h2 class=\"wp-block-heading has-text-align-center\">+ 41 24 471 38 38<\/h2>\n\n\n\n<div style=\"height:20px\" aria-hidden=\"true\" class=\"wp-block-spacer\"><\/div>\n\n\n\n<p class=\"has-text-align-center\">Whitepod Nachttelefon<\/p>\n<\/div>\n<\/div>\n<\/div>\n\n\n\n<div style=\"height:40px\" aria-hidden=\"true\" class=\"wp-block-spacer\"><\/div>\n\n\n\n<div class=\"wp-block-columns is-style-no-margin is-layout-flex wp-container-core-columns-is-layout-9d6595d7 wp-block-columns-is-layout-flex\">\n<div class=\"wp-block-column is-layout-flow wp-block-column-is-layout-flow\">\n<div class=\"wp-block-group is-style-shadow has-white-background-color has-background is-layout-constrained wp-block-group-is-layout-constrained\">\n<div style=\"height:20px\" aria-hidden=\"true\" class=\"wp-block-spacer\"><\/div>\n\n\n\n<h2 class=\"wp-block-heading\">Regeln f\u00fcr Chalets<\/h2>\n\n\n\n<p><strong>Jegliche Versammlung von mehreren H\u00fctten oder Partys in einer der Chalet ist verboten<\/strong><\/p>\n\n\n\n<ul class=\"wp-block-list\">\n<li>Ein Set Anz\u00fcndholz f\u00fcr den O-Fire ist an der Rezeption gegen Aufpreis erh\u00e4ltlich.<\/li>\n\n\n\n<li>Das Rauchen in den H\u00fctten ist nicht erlaubt. Verst\u00f6\u00dfe gegen diese Regel werden bestraft.<\/li>\n\n\n\n<li>Jeder Verlust oder Schaden an Geschirr oder Ausstattung in den H\u00fctten wird in Rechnung gestellt.<\/li>\n<\/ul>\n\n\n\n<p><\/p>\n\n\n\n<p><strong>Wir behalten uns das Recht vor, Ihnen den doppelten Preis zu berechnen, wenn Sie Ihre H\u00fctte besonders schmutzig hinterlassen (mit Fotos als Beweis).<\/strong><\/p>\n<\/div>\n<\/div>\n<\/div>\n\n\n\n<div style=\"height:100px\" aria-hidden=\"true\" class=\"wp-block-spacer\"><\/div>\n","protected":false},"excerpt":{"rendered":"<p>Unfall Bei Unwohlsein oder Unfall, bitte wenden Sie sich dringend an eine Person von Whitepod oder an die Rezeption. Im [&hellip;]<\/p>\n","protected":false},"author":3,"featured_media":0,"parent":0,"menu_order":0,"comment_status":"closed","ping_status":"closed","template":"","meta":{"_acf_changed":false,"_editorskit_title_hidden":false,"_editorskit_reading_time":0,"_editorskit_is_block_options_detached":false,"_editorskit_block_options_position":"{}","footnotes":""},"class_list":["post-679","page","type-page","status-publish","hentry"],"acf":[],"_links":{"self":[{"href":"https:\/\/services.whitepod.com\/de\/wp-json\/wp\/v2\/pages\/679","targetHints":{"allow":["GET"]}}],"collection":[{"href":"https:\/\/services.whitepod.com\/de\/wp-json\/wp\/v2\/pages"}],"about":[{"href":"https:\/\/services.whitepod.com\/de\/wp-json\/wp\/v2\/types\/page"}],"author":[{"embeddable":true,"href":"https:\/\/services.whitepod.com\/de\/wp-json\/wp\/v2\/users\/3"}],"replies":[{"embeddable":true,"href":"https:\/\/services.whitepod.com\/de\/wp-json\/wp\/v2\/comments?post=679"}],"version-history":[{"count":12,"href":"https:\/\/services.whitepod.com\/de\/wp-json\/wp\/v2\/pages\/679\/revisions"}],"predecessor-version":[{"id":1367,"href":"https:\/\/services.whitepod.com\/de\/wp-json\/wp\/v2\/pages\/679\/revisions\/1367"}],"wp:attachment":[{"href":"https:\/\/services.whitepod.com\/de\/wp-json\/wp\/v2\/media?parent=679"}],"curies":[{"name":"wp","href":"https:\/\/api.w.org\/{rel}","templated":true}]}}